{"id":969,"date":"2017-12-08T00:38:25","date_gmt":"2017-12-08T00:38:25","guid":{"rendered":"https:\/\/bibliotecadagil.wordpress.com\/?page_id=969"},"modified":"2018-02-19T19:13:36","modified_gmt":"2018-02-19T19:13:36","slug":"estruturar-um-trabalho-cientifico","status":"publish","type":"page","link":"https:\/\/www.aegv.edu.pt\/bibliotecadagil\/estruturar-um-trabalho-cientifico\/","title":{"rendered":"Estruturar um trabalho cient\u00edfico"},"content":{"rendered":"<p><strong>COMO\u00a0 REALIZAR TRABALHOS | S\u00cdTIO DE APOIO \u00c0 REALIZA\u00c7\u00c3O DE TRABALHOS ESCOLARES (\u00a0<\/strong>In <em>Blogue<\/em> da RBE &#8211; 07.02.18 )<\/p>\n<p><a href=\"http:\/\/blogue.rbe.mec.pt\/como-realizar-trabalhos-sitio-de-apoio-2138712\" target=\"_blank\" rel=\"noopener\">Como realizar trabalhos escolares | Biblioteca da Escola Secund\u00e1ria Leal da C\u00e2mara<\/a><\/p>\n<p style=\"text-align: justify;\">Nesta p\u00e1gina, ser\u00e1 disponibilizada informa\u00e7\u00e3o que permita a adequada elabora\u00e7\u00e3o de um trabalho cient\u00edfico. Pretende-se, desta forma, elucidar os discentes sobre a estrutura de um trabalho escrito, dotando-os das compet\u00eancias necess\u00e1rias ao pleno cumprimento dos requisitos conceptuais e formais inerentes ao trabalho de investiga\u00e7\u00e3o.<\/p>\n","protected":false},"excerpt":{"rendered":"<p>COMO\u00a0 REALIZAR TRABALHOS | S\u00cdTIO DE APOIO \u00c0 REALIZA\u00c7\u00c3O DE TRABALHOS ESCOLARES (\u00a0In Blogue da RBE &#8211; 07.02.18 ) Como realizar trabalhos escolares | Biblioteca da Escola Secund\u00e1ria Leal da C\u00e2mara Nesta p\u00e1gina, ser\u00e1 disponibilizada informa\u00e7\u00e3o que permita a adequada elabora\u00e7\u00e3o de um trabalho cient\u00edfico. Pretende-se, desta forma, elucidar os discentes sobre a estrutura de &hellip; <\/p>\n<p class=\"link-more\"><a href=\"https:\/\/www.aegv.edu.pt\/bibliotecadagil\/estruturar-um-trabalho-cientifico\/\" class=\"more-link\">Continuar a ler <span class=\"screen-reader-text\">&#8220;Estruturar um trabalho cient\u00edfico&#8221;<\/span><\/a><\/p>\n","protected":false},"author":2,"featured_media":0,"parent":0,"menu_order":0,"comment_status":"closed","ping_status":"closed","template":"","meta":[],"_links":{"self":[{"href":"https:\/\/www.aegv.edu.pt\/bibliotecadagil\/wp-json\/wp\/v2\/pages\/969"}],"collection":[{"href":"https:\/\/www.aegv.edu.pt\/bibliotecadagil\/wp-json\/wp\/v2\/pages"}],"about":[{"href":"https:\/\/www.aegv.edu.pt\/bibliotecadagil\/wp-json\/wp\/v2\/types\/page"}],"author":[{"embeddable":true,"href":"https:\/\/www.aegv.edu.pt\/bibliotecadagil\/wp-json\/wp\/v2\/users\/2"}],"replies":[{"embeddable":true,"href":"https:\/\/www.aegv.edu.pt\/bibliotecadagil\/wp-json\/wp\/v2\/comments?post=969"}],"version-history":[{"count":4,"href":"https:\/\/www.aegv.edu.pt\/bibliotecadagil\/wp-json\/wp\/v2\/pages\/969\/revisions"}],"predecessor-version":[{"id":2424,"href":"https:\/\/www.aegv.edu.pt\/bibliotecadagil\/wp-json\/wp\/v2\/pages\/969\/revisions\/2424"}],"wp:attachment":[{"href":"https:\/\/www.aegv.edu.pt\/bibliotecadagil\/wp-json\/wp\/v2\/media?parent=969"}],"curies":[{"name":"wp","href":"https:\/\/api.w.org\/{rel}","templated":true}]}}