{"id":965,"date":"2017-12-08T00:38:17","date_gmt":"2017-12-08T00:38:17","guid":{"rendered":"https:\/\/bibliotecadagil.wordpress.com\/?page_id=965"},"modified":"2018-02-19T18:57:02","modified_gmt":"2018-02-19T18:57:02","slug":"normas-apa-para-elaboracao-de-trabalhos-cientificos","status":"publish","type":"page","link":"https:\/\/www.aegv.edu.pt\/bibliotecadagil\/normas-apa-para-elaboracao-de-trabalhos-cientificos\/","title":{"rendered":"Normas &#8211; Cita\u00e7\u00f5es e Refer\u00eancias Bibliogr\u00e1ficas"},"content":{"rendered":"<p><strong>APOIO \u00c0 PESQUISA E \u00c0 ELABORA\u00c7\u00c3O DE TRABALHOS ESCOLARES\u00a0 \u00a0 \u00a0 \u00a0 \u00a0\u00a0<\/strong>( In <em>Blogue<\/em> da RBE- 07.02.18)<\/p>\n<p><a href=\"http:\/\/blogue.rbe.mec.pt\/como-realizar-trabalhos-sitio-de-apoio-2138712\" target=\"_blank\" rel=\"noopener\">Como realizar trabalhos | S\u00edtio de apoio \u00e0 realiza\u00e7\u00e3o de trabalhos escolares- Escola Secund\u00e1ria Leal da C\u00e2mara<\/a><\/p>\n<p><strong>NORMAS &#8211; REFER\u00caNCIAS E CITA\u00c7\u00d5ES BIBLIOGR\u00c1FICAS\u00a0 \u00a0 \u00a0 \u00a0 \u00a0 \u00a0 \u00a0 \u00a0 \u00a0 \u00a0 \u00a0 \u00a0 \u00a0 \u00a0 \u00a0 \u00a0 \u00a0 \u00a0 \u00a0 <\/strong>( REDE DE BIBLIOTECAS ESCOLARES)<\/p>\n<p><a href=\"http:\/\/www.rbe.min-edu.pt\/np4\/np4\/?newsId=358&amp;fileName=citacoes_ref_bibliograficas.pdf\" target=\"_blank\" rel=\"noopener\">Refer\u00eancias e Cita\u00e7\u00f5es Bibliogr\u00e1ficas &#8211; Documento elaborado pela RBE em Janeiro de 2011, com base na Norma Portuguesa 405 <\/a><\/p>\n<p><a href=\"http:\/\/blogue.rbe.mec.pt\/normas-apa-sexta-edicao-e-book-2140925\" target=\"_blank\" rel=\"noopener\">Normas APA. Sexta Edi\u00e7\u00e3o | e-book<\/a><\/p>\n<p><strong>NORMAS &#8211; REFER\u00caNCIAS E CITA\u00c7\u00d5ES BIBLIOGR\u00c1FICAS <\/strong>(UNIVERSIDADES PORTUGUESAS)<\/p>\n<p><a href=\"https:\/\/www.ualg.pt\/pt\/content\/bibliotecas-1\" target=\"_blank\" rel=\"noopener\">Universidade do Algarve | Biblioteca<\/a><\/p>\n<p><a href=\"https:\/\/www.ua.pt\/sbidm\/biblioteca\/normas\" target=\"_blank\" rel=\"noopener\">Universidade de Aveiro | Biblioteca<\/a><\/p>\n<p><a href=\"https:\/\/www.ubi.pt\/Entidade\/Biblioteca\" target=\"_blank\" rel=\"noopener\">Universidade da Beira Interior | Biblioteca<\/a><\/p>\n<p><a href=\"http:\/\/www2.ucp.pt\/site\/custom\/template\/ucptpl_srvhome.asp?SSPAGEID=2964&amp;lang=2\" target=\"_blank\" rel=\"noopener\">Universidade Cat\u00f3lica Portuguesa | Biblioteca Universit\u00e1ria Jo\u00e3o Paulo II<\/a><\/p>\n<p><a href=\"https:\/\/www.uc.pt\/fcdef\/documentosbiblioteca\/Bibliotecadigital\/Normas\" target=\"_blank\" rel=\"noopener\">Universidade de Coimbra | Normas para Apresenta\u00e7\u00e3o de Refer\u00eancias Bibliogr\u00e1ficas<\/a><\/p>\n<p><a href=\"https:\/\/www.uc.pt\/imprensa_uc\/Autores\/normas\" target=\"_blank\" rel=\"noopener\">Universidade de Coimbra &#8211; Imprensa | Autores<\/a><\/p>\n<p><a href=\"https:\/\/www.uc.pt\/fpce\/prodco\/apa\" target=\"_blank\" rel=\"noopener\">Universidade de Coimbra &#8211; Normas APA | Cita\u00e7\u00f5es<\/a><\/p>\n<p><a href=\"http:\/\/www.uc.pt\/bguc\" target=\"_blank\" rel=\"noopener\">Universidade de Coimbra | Biblioteca Geral | Cat\u00e1logo<\/a><\/p>\n<p><a href=\"http:\/\/www.bib.uevora.pt\/\" target=\"_blank\" rel=\"noopener\">Universidade de \u00c9vora | Biblioteca | Cat\u00e1logo<\/a><\/p>\n<p><a href=\"https:\/\/www.ulisboa.pt\/info\/bibliotecas-e-pesquisa-bibliografica\" target=\"_blank\" rel=\"noopener\">Universidade de Lisboa | Bibliotecas e Pesquisa Bibliogr\u00e1fica<\/a><\/p>\n<p><a href=\"https:\/\/ciencias.ulisboa.pt\/pt\/como-citar\" target=\"_blank\" rel=\"noopener\">Universidade de Lisboa | Faculdade de Ci\u00eancias | Como citar<\/a><\/p>\n<p><a href=\"http:\/\/arquivo-portal.iscte-iul.pt\/biblioteca\/guias_referencias_bibliograficas.aspx\" target=\"_blank\" rel=\"noopener\">Universidade de Lisboa | ISCTE | Biblioteca | Guias e Refer\u00eancias Bibliogr\u00e1ficas<\/a><\/p>\n<p><a href=\"http:\/\/www.letras.ulisboa.pt\/pt\/biblioteca#cat%C3%A1logo-sibul\" target=\"_blank\" rel=\"noopener\">Universidade de Lisboa | Faculdade de Letras | Biblioteca | Cat\u00e1logo<\/a><\/p>\n<p><a href=\"http:\/\/www.sdum.uminho.pt\/Default.aspx?tabid=4&amp;pageid=310&amp;lang=pt-PT\" target=\"_blank\" rel=\"noopener\">Universidade do Minho | Biblioteca | Servi\u00e7os de Documenta\u00e7\u00e3o<\/a><\/p>\n<p><a href=\"http:\/\/www.fcsh.unl.pt\/faculdade\/bibliotecas\" target=\"_blank\" rel=\"noopener\">Universidade Nova de Lisboa | Bibliotecas<\/a><\/p>\n<p><a href=\"https:\/\/sigarra.up.pt\/up\/pt\/web_base.gera_pagina?p_pagina=BIBLIOTECAS\" target=\"_blank\" rel=\"noopener\">Universidade do Porto | Bibliotecas<\/a><\/p>\n<p><a href=\"https:\/\/sigarra.up.pt\/reitoria\/pt\/web_base.gera_pagina?p_pagina=1020668\" target=\"_blank\" rel=\"noopener\">Universidade do Porto | Bibliotecas | Reposit\u00f3rios | Arquivos<\/a><\/p>\n<p><a href=\"http:\/\/www.sdb.utad.pt\/index.php?option=com_content&amp;view=article&amp;id=57&amp;Itemid=61\" target=\"_blank\" rel=\"noopener\">Universidade de Tr\u00e1s-os-Montes e Alto Douro | Servi\u00e7os de Documenta\u00e7\u00e3o e Bibliotecas<\/a><\/p>\n<p>&nbsp;<\/p>\n<p style=\"text-align: justify;\">Nesta p\u00e1gina, ser\u00e1 disponibilizada informa\u00e7\u00e3o sobre as normas a seguir num trabalho cient\u00edfico para a elabora\u00e7\u00e3o de cita\u00e7\u00f5es e de refer\u00eancias bibliogr\u00e1ficas. Outros recursos e\/ou\u00a0 trabalhos realizados pelas turmas ou por grupos de alunos em sess\u00f5es de literacia da informa\u00e7\u00e3o sobre este t\u00f3pico ser\u00e3o igualmente publicados.<\/p>\n<p>&nbsp;<\/p>\n","protected":false},"excerpt":{"rendered":"<p>APOIO \u00c0 PESQUISA E \u00c0 ELABORA\u00c7\u00c3O DE TRABALHOS ESCOLARES\u00a0 \u00a0 \u00a0 \u00a0 \u00a0\u00a0( In Blogue da RBE- 07.02.18) Como realizar trabalhos | S\u00edtio de apoio \u00e0 realiza\u00e7\u00e3o de trabalhos escolares- Escola Secund\u00e1ria Leal da C\u00e2mara NORMAS &#8211; REFER\u00caNCIAS E CITA\u00c7\u00d5ES BIBLIOGR\u00c1FICAS\u00a0 \u00a0 \u00a0 \u00a0 \u00a0 \u00a0 \u00a0 \u00a0 \u00a0 \u00a0 \u00a0 \u00a0 \u00a0 \u00a0 \u00a0 &hellip; <\/p>\n<p class=\"link-more\"><a href=\"https:\/\/www.aegv.edu.pt\/bibliotecadagil\/normas-apa-para-elaboracao-de-trabalhos-cientificos\/\" class=\"more-link\">Continuar a ler <span class=\"screen-reader-text\">&#8220;Normas &#8211; Cita\u00e7\u00f5es e Refer\u00eancias Bibliogr\u00e1ficas&#8221;<\/span><\/a><\/p>\n","protected":false},"author":2,"featured_media":0,"parent":0,"menu_order":0,"comment_status":"closed","ping_status":"closed","template":"","meta":[],"_links":{"self":[{"href":"https:\/\/www.aegv.edu.pt\/bibliotecadagil\/wp-json\/wp\/v2\/pages\/965"}],"collection":[{"href":"https:\/\/www.aegv.edu.pt\/bibliotecadagil\/wp-json\/wp\/v2\/pages"}],"about":[{"href":"https:\/\/www.aegv.edu.pt\/bibliotecadagil\/wp-json\/wp\/v2\/types\/page"}],"author":[{"embeddable":true,"href":"https:\/\/www.aegv.edu.pt\/bibliotecadagil\/wp-json\/wp\/v2\/users\/2"}],"replies":[{"embeddable":true,"href":"https:\/\/www.aegv.edu.pt\/bibliotecadagil\/wp-json\/wp\/v2\/comments?post=965"}],"version-history":[{"count":3,"href":"https:\/\/www.aegv.edu.pt\/bibliotecadagil\/wp-json\/wp\/v2\/pages\/965\/revisions"}],"predecessor-version":[{"id":2420,"href":"https:\/\/www.aegv.edu.pt\/bibliotecadagil\/wp-json\/wp\/v2\/pages\/965\/revisions\/2420"}],"wp:attachment":[{"href":"https:\/\/www.aegv.edu.pt\/bibliotecadagil\/wp-json\/wp\/v2\/media?parent=965"}],"curies":[{"name":"wp","href":"https:\/\/api.w.org\/{rel}","templated":true}]}}