{"id":915,"date":"2017-12-17T02:10:13","date_gmt":"2017-12-17T02:10:13","guid":{"rendered":"https:\/\/bibliotecadagil.wordpress.com\/?page_id=915"},"modified":"2017-12-17T02:10:13","modified_gmt":"2017-12-17T02:10:13","slug":"organismos-nacionais","status":"publish","type":"page","link":"https:\/\/www.aegv.edu.pt\/bibliotecadagil\/organismos-nacionais\/","title":{"rendered":"Organismos Nacionais"},"content":{"rendered":"<p style=\"text-align:justify;\">As p\u00e1ginas que configuram este t\u00f3pico apresentam liga\u00e7\u00f5es para organismos oficiais nacionais\u00a0 relevantes nas \u00e1reas da Educa\u00e7\u00e3o e da Cultura.<\/p>\n","protected":false},"excerpt":{"rendered":"<p>As p\u00e1ginas que configuram este t\u00f3pico apresentam liga\u00e7\u00f5es para organismos oficiais nacionais\u00a0 relevantes nas \u00e1reas da Educa\u00e7\u00e3o e da Cultura.<\/p>\n","protected":false},"author":2,"featured_media":0,"parent":0,"menu_order":0,"comment_status":"closed","ping_status":"closed","template":"","meta":[],"_links":{"self":[{"href":"https:\/\/www.aegv.edu.pt\/bibliotecadagil\/wp-json\/wp\/v2\/pages\/915"}],"collection":[{"href":"https:\/\/www.aegv.edu.pt\/bibliotecadagil\/wp-json\/wp\/v2\/pages"}],"about":[{"href":"https:\/\/www.aegv.edu.pt\/bibliotecadagil\/wp-json\/wp\/v2\/types\/page"}],"author":[{"embeddable":true,"href":"https:\/\/www.aegv.edu.pt\/bibliotecadagil\/wp-json\/wp\/v2\/users\/2"}],"replies":[{"embeddable":true,"href":"https:\/\/www.aegv.edu.pt\/bibliotecadagil\/wp-json\/wp\/v2\/comments?post=915"}],"version-history":[{"count":0,"href":"https:\/\/www.aegv.edu.pt\/bibliotecadagil\/wp-json\/wp\/v2\/pages\/915\/revisions"}],"wp:attachment":[{"href":"https:\/\/www.aegv.edu.pt\/bibliotecadagil\/wp-json\/wp\/v2\/media?parent=915"}],"curies":[{"name":"wp","href":"https:\/\/api.w.org\/{rel}","templated":true}]}}