{"id":9098,"date":"2020-05-28T09:59:29","date_gmt":"2020-05-28T09:59:29","guid":{"rendered":"http:\/\/www.aegv.edu.pt\/bibliotecadagil\/?page_id=9098"},"modified":"2020-06-01T18:46:05","modified_gmt":"2020-06-01T18:46:05","slug":"https-wakelet-com-rbellx","status":"publish","type":"page","link":"https:\/\/www.aegv.edu.pt\/bibliotecadagil\/https-wakelet-com-rbellx\/","title":{"rendered":"Ler assim, ler assado, ler de todas as maneiras"},"content":{"rendered":"\n<p>A iniciativa &#8220;Ler assim, ler assado, ler de todas as maneiras&#8221; faz parte do projeto &#8220;Dar a ver, dar a ler + | Da Leitura \u00e0 Escrita&#8221; (PNL) e iria come\u00e7ar, em regime presencial, na <em>Semana da Leitura<\/em> (09-13 de Mar\u00e7o de 2020). Por causa da pandemia associada \u00e0 doen\u00e7a Covid 19, as aulas foram suspensas e, em consequ\u00eancia, todas as atividades programadas foram canceladas. Desde meados de Mar\u00e7o, pass\u00e1mos a viver num espa\u00e7o muito mais reduzido do que aquele a que est\u00e1vamos habituados, mas a Biblioteca Gil Vicente, embora a dist\u00e2ncia, n\u00e3o deitou fora os planos que fizera. Pelo contr\u00e1rio, adiou alguns projetos presenciais e reformulou outros, no sentido de poder contribuir para a melhoria das compet\u00eancias de leitura e escrita dos alunos. Com a iniciativa &#8220;Ler assim, ler assado, ler de todas as maneiras&#8221;  pretende-se que os alunos explorem outros tipos de leituras, associando-as ao movimento e ao gesto, de forma a tonar a sua <em>performance<\/em> mais expressiva. Outra vertente desta atividade, sobretudo na fase de confinamento, \u00e9 a tentativa de os alunos motivarem os seus familiares (na mesma situa\u00e7\u00e3o do que eles) a participarem em atividades que, pelo menos, podem unir vozes, em tempo de isolamento.<\/p>\n\n\n\n<p><strong>Atividade 1<\/strong> &#8211;  Leitura de M\u00e1rio Henrique Leiria, <em>Novos Contos de Gin<\/em>, 1972.<\/p>\n\n\n\n<figure class=\"wp-block-image\"><img loading=\"lazy\" width=\"1024\" height=\"869\" src=\"http:\/\/www.aegv.edu.pt\/bibliotecadagil\/wp-content\/uploads\/2020\/05\/Be-E@D-1-1-1024x869.jpg\" alt=\"\" class=\"wp-image-9109\" srcset=\"https:\/\/www.aegv.edu.pt\/bibliotecadagil\/wp-content\/uploads\/2020\/05\/Be-E@D-1-1-1024x869.jpg 1024w, https:\/\/www.aegv.edu.pt\/bibliotecadagil\/wp-content\/uploads\/2020\/05\/Be-E@D-1-1-300x255.jpg 300w, https:\/\/www.aegv.edu.pt\/bibliotecadagil\/wp-content\/uploads\/2020\/05\/Be-E@D-1-1-768x652.jpg 768w, https:\/\/www.aegv.edu.pt\/bibliotecadagil\/wp-content\/uploads\/2020\/05\/Be-E@D-1-1.jpg 1253w\" sizes=\"(max-width: 767px) 89vw, (max-width: 1000px) 54vw, (max-width: 1071px) 543px, 580px\" \/><\/figure>\n\n\n\n<p> <strong>Atividade 2<\/strong> &#8211;  Leitura de Jo\u00e3o Roiz de Castelo-Branco, In <em>Antologia do Cancioneiro Geral de Garcia de Resende. <\/em><\/p>\n\n\n\n<figure class=\"wp-block-image\"><img loading=\"lazy\" width=\"1024\" height=\"881\" src=\"http:\/\/www.aegv.edu.pt\/bibliotecadagil\/wp-content\/uploads\/2020\/05\/BL-@-D2-1-1024x881.jpg\" alt=\"\" class=\"wp-image-9110\" srcset=\"https:\/\/www.aegv.edu.pt\/bibliotecadagil\/wp-content\/uploads\/2020\/05\/BL-@-D2-1-1024x881.jpg 1024w, https:\/\/www.aegv.edu.pt\/bibliotecadagil\/wp-content\/uploads\/2020\/05\/BL-@-D2-1-300x258.jpg 300w, https:\/\/www.aegv.edu.pt\/bibliotecadagil\/wp-content\/uploads\/2020\/05\/BL-@-D2-1-768x660.jpg 768w, https:\/\/www.aegv.edu.pt\/bibliotecadagil\/wp-content\/uploads\/2020\/05\/BL-@-D2-1.jpg 1100w\" sizes=\"(max-width: 767px) 89vw, (max-width: 1000px) 54vw, (max-width: 1071px) 543px, 580px\" \/><\/figure>\n\n\n\n<p><strong> Atividade 3<\/strong> &#8211;  Leitura de Jo\u00e3o de Deus, <em>Beijo.<\/em><\/p>\n\n\n\n<figure class=\"wp-block-image\"><img loading=\"lazy\" width=\"1024\" height=\"881\" src=\"http:\/\/www.aegv.edu.pt\/bibliotecadagil\/wp-content\/uploads\/2020\/05\/BL-@-D3-1-1024x881.jpg\" alt=\"\" class=\"wp-image-9111\" srcset=\"https:\/\/www.aegv.edu.pt\/bibliotecadagil\/wp-content\/uploads\/2020\/05\/BL-@-D3-1-1024x881.jpg 1024w, https:\/\/www.aegv.edu.pt\/bibliotecadagil\/wp-content\/uploads\/2020\/05\/BL-@-D3-1-300x258.jpg 300w, https:\/\/www.aegv.edu.pt\/bibliotecadagil\/wp-content\/uploads\/2020\/05\/BL-@-D3-1-768x660.jpg 768w, https:\/\/www.aegv.edu.pt\/bibliotecadagil\/wp-content\/uploads\/2020\/05\/BL-@-D3-1.jpg 1092w\" sizes=\"(max-width: 767px) 89vw, (max-width: 1000px) 54vw, (max-width: 1071px) 543px, 580px\" \/><\/figure>\n\n\n\n<p> <strong>Atividade 4<\/strong> &#8211;  Leitura de B\u00e1rbara Tinoco, <em>Sei l\u00e1<\/em>.<\/p>\n\n\n\n<figure class=\"wp-block-image\"><img loading=\"lazy\" width=\"1024\" height=\"936\" src=\"http:\/\/www.aegv.edu.pt\/bibliotecadagil\/wp-content\/uploads\/2020\/05\/BL-@-D4-1-1024x936.jpg\" alt=\"\" class=\"wp-image-9112\" srcset=\"https:\/\/www.aegv.edu.pt\/bibliotecadagil\/wp-content\/uploads\/2020\/05\/BL-@-D4-1-1024x936.jpg 1024w, https:\/\/www.aegv.edu.pt\/bibliotecadagil\/wp-content\/uploads\/2020\/05\/BL-@-D4-1-300x274.jpg 300w, https:\/\/www.aegv.edu.pt\/bibliotecadagil\/wp-content\/uploads\/2020\/05\/BL-@-D4-1-768x702.jpg 768w, https:\/\/www.aegv.edu.pt\/bibliotecadagil\/wp-content\/uploads\/2020\/05\/BL-@-D4-1.jpg 1089w\" sizes=\"(max-width: 767px) 89vw, (max-width: 1000px) 54vw, (max-width: 1071px) 543px, 580px\" \/><\/figure>\n","protected":false},"excerpt":{"rendered":"<p>A iniciativa &#8220;Ler assim, ler assado, ler de todas as maneiras&#8221; faz parte do projeto &#8220;Dar a ver, dar a ler + | Da Leitura \u00e0 Escrita&#8221; (PNL) e iria come\u00e7ar, em regime presencial, na Semana da Leitura (09-13 de Mar\u00e7o de 2020). Por causa da pandemia associada \u00e0 doen\u00e7a Covid 19, as aulas foram &hellip; <\/p>\n<p class=\"link-more\"><a href=\"https:\/\/www.aegv.edu.pt\/bibliotecadagil\/https-wakelet-com-rbellx\/\" class=\"more-link\">Continuar a ler <span class=\"screen-reader-text\">&#8220;Ler assim, ler assado, ler de todas as maneiras&#8221;<\/span><\/a><\/p>\n","protected":false},"author":2,"featured_media":0,"parent":0,"menu_order":0,"comment_status":"closed","ping_status":"closed","template":"","meta":[],"_links":{"self":[{"href":"https:\/\/www.aegv.edu.pt\/bibliotecadagil\/wp-json\/wp\/v2\/pages\/9098"}],"collection":[{"href":"https:\/\/www.aegv.edu.pt\/bibliotecadagil\/wp-json\/wp\/v2\/pages"}],"about":[{"href":"https:\/\/www.aegv.edu.pt\/bibliotecadagil\/wp-json\/wp\/v2\/types\/page"}],"author":[{"embeddable":true,"href":"https:\/\/www.aegv.edu.pt\/bibliotecadagil\/wp-json\/wp\/v2\/users\/2"}],"replies":[{"embeddable":true,"href":"https:\/\/www.aegv.edu.pt\/bibliotecadagil\/wp-json\/wp\/v2\/comments?post=9098"}],"version-history":[{"count":6,"href":"https:\/\/www.aegv.edu.pt\/bibliotecadagil\/wp-json\/wp\/v2\/pages\/9098\/revisions"}],"predecessor-version":[{"id":9186,"href":"https:\/\/www.aegv.edu.pt\/bibliotecadagil\/wp-json\/wp\/v2\/pages\/9098\/revisions\/9186"}],"wp:attachment":[{"href":"https:\/\/www.aegv.edu.pt\/bibliotecadagil\/wp-json\/wp\/v2\/media?parent=9098"}],"curies":[{"name":"wp","href":"https:\/\/api.w.org\/{rel}","templated":true}]}}