{"id":8767,"date":"2019-06-20T17:43:05","date_gmt":"2019-06-20T17:43:05","guid":{"rendered":"http:\/\/www.aegv.edu.pt\/bibliotecadagil\/?page_id=8767"},"modified":"2019-06-20T17:51:25","modified_gmt":"2019-06-20T17:51:25","slug":"as-voltas-que-a-rosa-da","status":"publish","type":"page","link":"https:\/\/www.aegv.edu.pt\/bibliotecadagil\/as-voltas-que-a-rosa-da\/","title":{"rendered":"As voltas que a Rosa d\u00e1"},"content":{"rendered":"\n<p><strong>No dia 7 de Junho, os alunos do 5\u00ba 7\u00aa realizaram a segunda parte de um workshop de escrita criativa dinamizado pela Biblioteca Escolar em parceria com a Directora de Turma, Dra. Andreia Oliveira, no \u00e2mbito da disciplina de Portugu\u00eas. Desta vez, os alunos criaram poemas e escolheram as ilustra\u00e7\u00f5es que se lhes adequavam. Aqui, fotografias dos textos em constru\u00e7\u00e3o.<\/strong><\/p>\n\n\n<div class=\"foogallery foogallery-container foogallery-image-viewer foogallery-link-image foogallery-lightbox-foogallery fg-center fg-image-viewer fg-ready fg-light fg-border-thin fg-shadow-outline fg-loading-default fg-loaded-fade-in fg-caption-hover fg-hover-fade fg-hover-zoom\" id=\"foogallery-gallery-8718\" data-foogallery=\"{&quot;item&quot;:{&quot;showCaptionTitle&quot;:true,&quot;showCaptionDescription&quot;:true},&quot;lazy&quot;:true,&quot;template&quot;:{&quot;loop&quot;:true}}\" style=\"--fg-title-line-clamp: 0; --fg-description-line-clamp: 0;\" >\n\t<div class=\"fiv-inner\">\n\t\t<div class=\"fiv-inner-container\">\n\t\t\t<div class=\"fg-item fg-type-image fg-idle\"><figure class=\"fg-item-inner\"><a href=\"https:\/\/www.aegv.edu.pt\/bibliotecadagil\/wp-content\/uploads\/2019\/06\/DSCF5738.jpg\" data-attachment-id=\"8653\" data-type=\"image\" class=\"fg-thumb\"><span class=\"fg-image-wrap\"><img width=\"640\" height=\"360\" class=\"skip-lazy fg-image\" data-src-fg=\"https:\/\/www.aegv.edu.pt\/bibliotecadagil\/wp-content\/uploads\/cache\/2019\/06\/DSCF5738\/2547584117.jpg\" src=\"data:image\/svg+xml,%3Csvg%20xmlns%3D%22http%3A%2F%2Fwww.w3.org%2F2000%2Fsvg%22%20width%3D%22640%22%20height%3D%22360%22%20viewBox%3D%220%200%20640%20360%22%3E%3C%2Fsvg%3E\" loading=\"eager\"><\/span><span class=\"fg-image-overlay\"><\/span><\/a><\/figure><div class=\"fg-loader\"><\/div><\/div><div class=\"fg-item fg-type-image fg-idle\"><figure class=\"fg-item-inner\"><a href=\"https:\/\/www.aegv.edu.pt\/bibliotecadagil\/wp-content\/uploads\/2019\/06\/DSCF5739.jpg\" data-attachment-id=\"8654\" data-type=\"image\" class=\"fg-thumb\"><span class=\"fg-image-wrap\"><img width=\"640\" height=\"360\" class=\"skip-lazy fg-image\" data-src-fg=\"https:\/\/www.aegv.edu.pt\/bibliotecadagil\/wp-content\/uploads\/cache\/2019\/06\/DSCF5739\/2786736525.jpg\" src=\"data:image\/svg+xml,%3Csvg%20xmlns%3D%22http%3A%2F%2Fwww.w3.org%2F2000%2Fsvg%22%20width%3D%22640%22%20height%3D%22360%22%20viewBox%3D%220%200%20640%20360%22%3E%3C%2Fsvg%3E\" loading=\"eager\"><\/span><span class=\"fg-image-overlay\"><\/span><\/a><\/figure><div class=\"fg-loader\"><\/div><\/div><div class=\"fg-item fg-type-image fg-idle\"><figure class=\"fg-item-inner\"><a href=\"https:\/\/www.aegv.edu.pt\/bibliotecadagil\/wp-content\/uploads\/2019\/06\/DSCF5740.jpg\" data-attachment-id=\"8655\" data-type=\"image\" class=\"fg-thumb\"><span class=\"fg-image-wrap\"><img width=\"640\" height=\"360\" class=\"skip-lazy fg-image\" data-src-fg=\"https:\/\/www.aegv.edu.pt\/bibliotecadagil\/wp-content\/uploads\/cache\/2019\/06\/DSCF5740\/914136376.jpg\" src=\"data:image\/svg+xml,%3Csvg%20xmlns%3D%22http%3A%2F%2Fwww.w3.org%2F2000%2Fsvg%22%20width%3D%22640%22%20height%3D%22360%22%20viewBox%3D%220%200%20640%20360%22%3E%3C%2Fsvg%3E\" loading=\"eager\"><\/span><span class=\"fg-image-overlay\"><\/span><\/a><\/figure><div class=\"fg-loader\"><\/div><\/div><div class=\"fg-item fg-type-image fg-idle\"><figure class=\"fg-item-inner\"><a href=\"https:\/\/www.aegv.edu.pt\/bibliotecadagil\/wp-content\/uploads\/2019\/06\/DSCF5741.jpg\" data-attachment-id=\"8656\" data-type=\"image\" class=\"fg-thumb\"><span class=\"fg-image-wrap\"><img width=\"640\" height=\"360\" class=\"skip-lazy fg-image\" data-src-fg=\"https:\/\/www.aegv.edu.pt\/bibliotecadagil\/wp-content\/uploads\/cache\/2019\/06\/DSCF5741\/478080286.jpg\" src=\"data:image\/svg+xml,%3Csvg%20xmlns%3D%22http%3A%2F%2Fwww.w3.org%2F2000%2Fsvg%22%20width%3D%22640%22%20height%3D%22360%22%20viewBox%3D%220%200%20640%20360%22%3E%3C%2Fsvg%3E\" loading=\"eager\"><\/span><span class=\"fg-image-overlay\"><\/span><\/a><\/figure><div class=\"fg-loader\"><\/div><\/div><div class=\"fg-item fg-type-image fg-idle\"><figure class=\"fg-item-inner\"><a href=\"https:\/\/www.aegv.edu.pt\/bibliotecadagil\/wp-content\/uploads\/2019\/06\/DSCF5742.jpg\" data-attachment-id=\"8657\" data-type=\"image\" class=\"fg-thumb\"><span class=\"fg-image-wrap\"><img width=\"640\" height=\"360\" class=\"skip-lazy fg-image\" data-src-fg=\"https:\/\/www.aegv.edu.pt\/bibliotecadagil\/wp-content\/uploads\/cache\/2019\/06\/DSCF5742\/2042181802.jpg\" src=\"data:image\/svg+xml,%3Csvg%20xmlns%3D%22http%3A%2F%2Fwww.w3.org%2F2000%2Fsvg%22%20width%3D%22640%22%20height%3D%22360%22%20viewBox%3D%220%200%20640%20360%22%3E%3C%2Fsvg%3E\" loading=\"eager\"><\/span><span class=\"fg-image-overlay\"><\/span><\/a><\/figure><div class=\"fg-loader\"><\/div><\/div><div class=\"fg-item fg-type-image fg-idle\"><figure class=\"fg-item-inner\"><a href=\"https:\/\/www.aegv.edu.pt\/bibliotecadagil\/wp-content\/uploads\/2019\/06\/DSCF5743.jpg\" data-attachment-id=\"8658\" data-type=\"image\" class=\"fg-thumb\"><span class=\"fg-image-wrap\"><img width=\"640\" height=\"360\" class=\"skip-lazy fg-image\" data-src-fg=\"https:\/\/www.aegv.edu.pt\/bibliotecadagil\/wp-content\/uploads\/cache\/2019\/06\/DSCF5743\/2146993902.jpg\" src=\"data:image\/svg+xml,%3Csvg%20xmlns%3D%22http%3A%2F%2Fwww.w3.org%2F2000%2Fsvg%22%20width%3D%22640%22%20height%3D%22360%22%20viewBox%3D%220%200%20640%20360%22%3E%3C%2Fsvg%3E\" loading=\"eager\"><\/span><span class=\"fg-image-overlay\"><\/span><\/a><\/figure><div class=\"fg-loader\"><\/div><\/div><div class=\"fg-item fg-type-image fg-idle\"><figure class=\"fg-item-inner\"><a href=\"https:\/\/www.aegv.edu.pt\/bibliotecadagil\/wp-content\/uploads\/2019\/06\/DSCF5744.jpg\" data-attachment-id=\"8659\" data-type=\"image\" class=\"fg-thumb\"><span class=\"fg-image-wrap\"><img width=\"640\" height=\"360\" class=\"skip-lazy fg-image\" data-src-fg=\"https:\/\/www.aegv.edu.pt\/bibliotecadagil\/wp-content\/uploads\/cache\/2019\/06\/DSCF5744\/2658491808.jpg\" src=\"data:image\/svg+xml,%3Csvg%20xmlns%3D%22http%3A%2F%2Fwww.w3.org%2F2000%2Fsvg%22%20width%3D%22640%22%20height%3D%22360%22%20viewBox%3D%220%200%20640%20360%22%3E%3C%2Fsvg%3E\" loading=\"eager\"><\/span><span class=\"fg-image-overlay\"><\/span><\/a><\/figure><div class=\"fg-loader\"><\/div><\/div><div class=\"fg-item fg-type-image fg-idle\"><figure class=\"fg-item-inner\"><a href=\"https:\/\/www.aegv.edu.pt\/bibliotecadagil\/wp-content\/uploads\/2019\/06\/DSCF5752.jpg\" data-attachment-id=\"8667\" data-type=\"image\" class=\"fg-thumb\"><span class=\"fg-image-wrap\"><img width=\"640\" height=\"360\" class=\"skip-lazy fg-image\" data-src-fg=\"https:\/\/www.aegv.edu.pt\/bibliotecadagil\/wp-content\/uploads\/cache\/2019\/06\/DSCF5752\/2879307559.jpg\" src=\"data:image\/svg+xml,%3Csvg%20xmlns%3D%22http%3A%2F%2Fwww.w3.org%2F2000%2Fsvg%22%20width%3D%22640%22%20height%3D%22360%22%20viewBox%3D%220%200%20640%20360%22%3E%3C%2Fsvg%3E\" loading=\"eager\"><\/span><span class=\"fg-image-overlay\"><\/span><\/a><\/figure><div class=\"fg-loader\"><\/div><\/div><div class=\"fg-item fg-type-image fg-idle\"><figure class=\"fg-item-inner\"><a href=\"https:\/\/www.aegv.edu.pt\/bibliotecadagil\/wp-content\/uploads\/2019\/06\/DSCF5751.jpg\" data-attachment-id=\"8666\" data-type=\"image\" class=\"fg-thumb\"><span class=\"fg-image-wrap\"><img width=\"640\" height=\"360\" class=\"skip-lazy fg-image\" data-src-fg=\"https:\/\/www.aegv.edu.pt\/bibliotecadagil\/wp-content\/uploads\/cache\/2019\/06\/DSCF5751\/3461966483.jpg\" src=\"data:image\/svg+xml,%3Csvg%20xmlns%3D%22http%3A%2F%2Fwww.w3.org%2F2000%2Fsvg%22%20width%3D%22640%22%20height%3D%22360%22%20viewBox%3D%220%200%20640%20360%22%3E%3C%2Fsvg%3E\" loading=\"eager\"><\/span><span class=\"fg-image-overlay\"><\/span><\/a><\/figure><div class=\"fg-loader\"><\/div><\/div><div class=\"fg-item fg-type-image fg-idle\"><figure class=\"fg-item-inner\"><a href=\"https:\/\/www.aegv.edu.pt\/bibliotecadagil\/wp-content\/uploads\/2019\/06\/DSCF5750.jpg\" data-attachment-id=\"8665\" data-type=\"image\" class=\"fg-thumb\"><span class=\"fg-image-wrap\"><img width=\"640\" height=\"360\" class=\"skip-lazy fg-image\" data-src-fg=\"https:\/\/www.aegv.edu.pt\/bibliotecadagil\/wp-content\/uploads\/cache\/2019\/06\/DSCF5750\/3831175861.jpg\" src=\"data:image\/svg+xml,%3Csvg%20xmlns%3D%22http%3A%2F%2Fwww.w3.org%2F2000%2Fsvg%22%20width%3D%22640%22%20height%3D%22360%22%20viewBox%3D%220%200%20640%20360%22%3E%3C%2Fsvg%3E\" loading=\"eager\"><\/span><span class=\"fg-image-overlay\"><\/span><\/a><\/figure><div class=\"fg-loader\"><\/div><\/div><div class=\"fg-item fg-type-image fg-idle\"><figure class=\"fg-item-inner\"><a href=\"https:\/\/www.aegv.edu.pt\/bibliotecadagil\/wp-content\/uploads\/2019\/06\/DSCF5749.jpg\" data-attachment-id=\"8664\" data-type=\"image\" class=\"fg-thumb\"><span class=\"fg-image-wrap\"><img width=\"640\" height=\"360\" class=\"skip-lazy fg-image\" data-src-fg=\"https:\/\/www.aegv.edu.pt\/bibliotecadagil\/wp-content\/uploads\/cache\/2019\/06\/DSCF5749\/120047498.jpg\" src=\"data:image\/svg+xml,%3Csvg%20xmlns%3D%22http%3A%2F%2Fwww.w3.org%2F2000%2Fsvg%22%20width%3D%22640%22%20height%3D%22360%22%20viewBox%3D%220%200%20640%20360%22%3E%3C%2Fsvg%3E\" loading=\"eager\"><\/span><span class=\"fg-image-overlay\"><\/span><\/a><\/figure><div class=\"fg-loader\"><\/div><\/div><div class=\"fg-item fg-type-image fg-idle\"><figure class=\"fg-item-inner\"><a href=\"https:\/\/www.aegv.edu.pt\/bibliotecadagil\/wp-content\/uploads\/2019\/06\/DSCF5748.jpg\" data-attachment-id=\"8663\" data-type=\"image\" class=\"fg-thumb\"><span class=\"fg-image-wrap\"><img width=\"640\" height=\"360\" class=\"skip-lazy fg-image\" data-src-fg=\"https:\/\/www.aegv.edu.pt\/bibliotecadagil\/wp-content\/uploads\/cache\/2019\/06\/DSCF5748\/920973938.jpg\" src=\"data:image\/svg+xml,%3Csvg%20xmlns%3D%22http%3A%2F%2Fwww.w3.org%2F2000%2Fsvg%22%20width%3D%22640%22%20height%3D%22360%22%20viewBox%3D%220%200%20640%20360%22%3E%3C%2Fsvg%3E\" loading=\"eager\"><\/span><span class=\"fg-image-overlay\"><\/span><\/a><\/figure><div class=\"fg-loader\"><\/div><\/div><div class=\"fg-item fg-type-image fg-idle\"><figure class=\"fg-item-inner\"><a href=\"https:\/\/www.aegv.edu.pt\/bibliotecadagil\/wp-content\/uploads\/2019\/06\/DSCF5747.jpg\" data-attachment-id=\"8662\" data-type=\"image\" class=\"fg-thumb\"><span class=\"fg-image-wrap\"><img width=\"640\" height=\"360\" class=\"skip-lazy fg-image\" data-src-fg=\"https:\/\/www.aegv.edu.pt\/bibliotecadagil\/wp-content\/uploads\/cache\/2019\/06\/DSCF5747\/76296841.jpg\" src=\"data:image\/svg+xml,%3Csvg%20xmlns%3D%22http%3A%2F%2Fwww.w3.org%2F2000%2Fsvg%22%20width%3D%22640%22%20height%3D%22360%22%20viewBox%3D%220%200%20640%20360%22%3E%3C%2Fsvg%3E\" loading=\"eager\"><\/span><span class=\"fg-image-overlay\"><\/span><\/a><\/figure><div class=\"fg-loader\"><\/div><\/div><div class=\"fg-item fg-type-image fg-idle\"><figure class=\"fg-item-inner\"><a href=\"https:\/\/www.aegv.edu.pt\/bibliotecadagil\/wp-content\/uploads\/2019\/06\/DSCF5746.jpg\" data-attachment-id=\"8661\" data-type=\"image\" class=\"fg-thumb\"><span class=\"fg-image-wrap\"><img width=\"640\" height=\"360\" class=\"skip-lazy fg-image\" data-src-fg=\"https:\/\/www.aegv.edu.pt\/bibliotecadagil\/wp-content\/uploads\/cache\/2019\/06\/DSCF5746\/781075119.jpg\" src=\"data:image\/svg+xml,%3Csvg%20xmlns%3D%22http%3A%2F%2Fwww.w3.org%2F2000%2Fsvg%22%20width%3D%22640%22%20height%3D%22360%22%20viewBox%3D%220%200%20640%20360%22%3E%3C%2Fsvg%3E\" loading=\"eager\"><\/span><span class=\"fg-image-overlay\"><\/span><\/a><\/figure><div class=\"fg-loader\"><\/div><\/div><div class=\"fg-item fg-type-image fg-idle\"><figure class=\"fg-item-inner\"><a href=\"https:\/\/www.aegv.edu.pt\/bibliotecadagil\/wp-content\/uploads\/2019\/06\/DSCF5745.jpg\" data-attachment-id=\"8660\" data-type=\"image\" class=\"fg-thumb\"><span class=\"fg-image-wrap\"><img width=\"640\" height=\"360\" class=\"skip-lazy fg-image\" data-src-fg=\"https:\/\/www.aegv.edu.pt\/bibliotecadagil\/wp-content\/uploads\/cache\/2019\/06\/DSCF5745\/1263114011.jpg\" src=\"data:image\/svg+xml,%3Csvg%20xmlns%3D%22http%3A%2F%2Fwww.w3.org%2F2000%2Fsvg%22%20width%3D%22640%22%20height%3D%22360%22%20viewBox%3D%220%200%20640%20360%22%3E%3C%2Fsvg%3E\" loading=\"eager\"><\/span><span class=\"fg-image-overlay\"><\/span><\/a><\/figure><div class=\"fg-loader\"><\/div><\/div><div class=\"fg-item fg-type-image fg-idle\"><figure class=\"fg-item-inner\"><a href=\"https:\/\/www.aegv.edu.pt\/bibliotecadagil\/wp-content\/uploads\/2019\/06\/DSCF5753.jpg\" data-attachment-id=\"8668\" data-type=\"image\" class=\"fg-thumb\"><span class=\"fg-image-wrap\"><img width=\"640\" height=\"360\" class=\"skip-lazy fg-image\" data-src-fg=\"https:\/\/www.aegv.edu.pt\/bibliotecadagil\/wp-content\/uploads\/cache\/2019\/06\/DSCF5753\/2917073251.jpg\" src=\"data:image\/svg+xml,%3Csvg%20xmlns%3D%22http%3A%2F%2Fwww.w3.org%2F2000%2Fsvg%22%20width%3D%22640%22%20height%3D%22360%22%20viewBox%3D%220%200%20640%20360%22%3E%3C%2Fsvg%3E\" loading=\"eager\"><\/span><span class=\"fg-image-overlay\"><\/span><\/a><\/figure><div class=\"fg-loader\"><\/div><\/div><div class=\"fg-item fg-type-image fg-idle\"><figure class=\"fg-item-inner\"><a href=\"https:\/\/www.aegv.edu.pt\/bibliotecadagil\/wp-content\/uploads\/2019\/06\/DSCF5754.jpg\" data-attachment-id=\"8669\" data-type=\"image\" class=\"fg-thumb\"><span class=\"fg-image-wrap\"><img width=\"640\" height=\"360\" class=\"skip-lazy fg-image\" data-src-fg=\"https:\/\/www.aegv.edu.pt\/bibliotecadagil\/wp-content\/uploads\/cache\/2019\/06\/DSCF5754\/1280498221.jpg\" src=\"data:image\/svg+xml,%3Csvg%20xmlns%3D%22http%3A%2F%2Fwww.w3.org%2F2000%2Fsvg%22%20width%3D%22640%22%20height%3D%22360%22%20viewBox%3D%220%200%20640%20360%22%3E%3C%2Fsvg%3E\" loading=\"eager\"><\/span><span class=\"fg-image-overlay\"><\/span><\/a><\/figure><div class=\"fg-loader\"><\/div><\/div><div class=\"fg-item fg-type-image fg-idle\"><figure class=\"fg-item-inner\"><a href=\"https:\/\/www.aegv.edu.pt\/bibliotecadagil\/wp-content\/uploads\/2019\/06\/DSCF5755.jpg\" data-attachment-id=\"8670\" data-type=\"image\" class=\"fg-thumb\"><span class=\"fg-image-wrap\"><img width=\"640\" height=\"360\" class=\"skip-lazy fg-image\" data-src-fg=\"https:\/\/www.aegv.edu.pt\/bibliotecadagil\/wp-content\/uploads\/cache\/2019\/06\/DSCF5755\/2849378269.jpg\" src=\"data:image\/svg+xml,%3Csvg%20xmlns%3D%22http%3A%2F%2Fwww.w3.org%2F2000%2Fsvg%22%20width%3D%22640%22%20height%3D%22360%22%20viewBox%3D%220%200%20640%20360%22%3E%3C%2Fsvg%3E\" loading=\"eager\"><\/span><span class=\"fg-image-overlay\"><\/span><\/a><\/figure><div class=\"fg-loader\"><\/div><\/div><div class=\"fg-item fg-type-image fg-idle\"><figure class=\"fg-item-inner\"><a href=\"https:\/\/www.aegv.edu.pt\/bibliotecadagil\/wp-content\/uploads\/2019\/06\/DSCF5756.jpg\" data-attachment-id=\"8671\" data-type=\"image\" class=\"fg-thumb\"><span class=\"fg-image-wrap\"><img width=\"640\" height=\"360\" class=\"skip-lazy fg-image\" data-src-fg=\"https:\/\/www.aegv.edu.pt\/bibliotecadagil\/wp-content\/uploads\/cache\/2019\/06\/DSCF5756\/3423722089.jpg\" src=\"data:image\/svg+xml,%3Csvg%20xmlns%3D%22http%3A%2F%2Fwww.w3.org%2F2000%2Fsvg%22%20width%3D%22640%22%20height%3D%22360%22%20viewBox%3D%220%200%20640%20360%22%3E%3C%2Fsvg%3E\" loading=\"eager\"><\/span><span class=\"fg-image-overlay\"><\/span><\/a><\/figure><div class=\"fg-loader\"><\/div><\/div><div class=\"fg-item fg-type-image fg-idle\"><figure class=\"fg-item-inner\"><a href=\"https:\/\/www.aegv.edu.pt\/bibliotecadagil\/wp-content\/uploads\/2019\/06\/DSCF5757.jpg\" data-attachment-id=\"8672\" data-type=\"image\" class=\"fg-thumb\"><span class=\"fg-image-wrap\"><img width=\"640\" height=\"360\" class=\"skip-lazy fg-image\" data-src-fg=\"https:\/\/www.aegv.edu.pt\/bibliotecadagil\/wp-content\/uploads\/cache\/2019\/06\/DSCF5757\/3860048463.jpg\" src=\"data:image\/svg+xml,%3Csvg%20xmlns%3D%22http%3A%2F%2Fwww.w3.org%2F2000%2Fsvg%22%20width%3D%22640%22%20height%3D%22360%22%20viewBox%3D%220%200%20640%20360%22%3E%3C%2Fsvg%3E\" loading=\"eager\"><\/span><span class=\"fg-image-overlay\"><\/span><\/a><\/figure><div class=\"fg-loader\"><\/div><\/div><div class=\"fg-item fg-type-image fg-idle\"><figure class=\"fg-item-inner\"><a href=\"https:\/\/www.aegv.edu.pt\/bibliotecadagil\/wp-content\/uploads\/2019\/06\/DSCF5758.jpg\" data-attachment-id=\"8673\" data-type=\"image\" class=\"fg-thumb\"><span class=\"fg-image-wrap\"><img width=\"640\" height=\"360\" class=\"skip-lazy fg-image\" data-src-fg=\"https:\/\/www.aegv.edu.pt\/bibliotecadagil\/wp-content\/uploads\/cache\/2019\/06\/DSCF5758\/3564858036.jpg\" src=\"data:image\/svg+xml,%3Csvg%20xmlns%3D%22http%3A%2F%2Fwww.w3.org%2F2000%2Fsvg%22%20width%3D%22640%22%20height%3D%22360%22%20viewBox%3D%220%200%20640%20360%22%3E%3C%2Fsvg%3E\" loading=\"eager\"><\/span><span class=\"fg-image-overlay\"><\/span><\/a><\/figure><div class=\"fg-loader\"><\/div><\/div><div class=\"fg-item fg-type-image fg-idle\"><figure class=\"fg-item-inner\"><a href=\"https:\/\/www.aegv.edu.pt\/bibliotecadagil\/wp-content\/uploads\/2019\/06\/DSCF5759.jpg\" data-attachment-id=\"8674\" data-type=\"image\" class=\"fg-thumb\"><span class=\"fg-image-wrap\"><img width=\"640\" height=\"360\" class=\"skip-lazy fg-image\" data-src-fg=\"https:\/\/www.aegv.edu.pt\/bibliotecadagil\/wp-content\/uploads\/cache\/2019\/06\/DSCF5759\/3854065484.jpg\" src=\"data:image\/svg+xml,%3Csvg%20xmlns%3D%22http%3A%2F%2Fwww.w3.org%2F2000%2Fsvg%22%20width%3D%22640%22%20height%3D%22360%22%20viewBox%3D%220%200%20640%20360%22%3E%3C%2Fsvg%3E\" loading=\"eager\"><\/span><span class=\"fg-image-overlay\"><\/span><\/a><\/figure><div class=\"fg-loader\"><\/div><\/div><div class=\"fg-item fg-type-image fg-idle\"><figure class=\"fg-item-inner\"><a href=\"https:\/\/www.aegv.edu.pt\/bibliotecadagil\/wp-content\/uploads\/2019\/06\/DSCF5760.jpg\" data-attachment-id=\"8675\" data-type=\"image\" class=\"fg-thumb\"><span class=\"fg-image-wrap\"><img width=\"640\" height=\"360\" class=\"skip-lazy fg-image\" data-src-fg=\"https:\/\/www.aegv.edu.pt\/bibliotecadagil\/wp-content\/uploads\/cache\/2019\/06\/DSCF5760\/674409205.jpg\" src=\"data:image\/svg+xml,%3Csvg%20xmlns%3D%22http%3A%2F%2Fwww.w3.org%2F2000%2Fsvg%22%20width%3D%22640%22%20height%3D%22360%22%20viewBox%3D%220%200%20640%20360%22%3E%3C%2Fsvg%3E\" loading=\"eager\"><\/span><span class=\"fg-image-overlay\"><\/span><\/a><\/figure><div class=\"fg-loader\"><\/div><\/div><div class=\"fg-item fg-type-image fg-idle\"><figure class=\"fg-item-inner\"><a href=\"https:\/\/www.aegv.edu.pt\/bibliotecadagil\/wp-content\/uploads\/2019\/06\/DSCF5761.jpg\" data-attachment-id=\"8676\" data-type=\"image\" class=\"fg-thumb\"><span class=\"fg-image-wrap\"><img width=\"640\" height=\"360\" class=\"skip-lazy fg-image\" data-src-fg=\"https:\/\/www.aegv.edu.pt\/bibliotecadagil\/wp-content\/uploads\/cache\/2019\/06\/DSCF5761\/36756179.jpg\" src=\"data:image\/svg+xml,%3Csvg%20xmlns%3D%22http%3A%2F%2Fwww.w3.org%2F2000%2Fsvg%22%20width%3D%22640%22%20height%3D%22360%22%20viewBox%3D%220%200%20640%20360%22%3E%3C%2Fsvg%3E\" loading=\"eager\"><\/span><span class=\"fg-image-overlay\"><\/span><\/a><\/figure><div class=\"fg-loader\"><\/div><\/div><div class=\"fg-item fg-type-image fg-idle\"><figure class=\"fg-item-inner\"><a href=\"https:\/\/www.aegv.edu.pt\/bibliotecadagil\/wp-content\/uploads\/2019\/06\/DSCF5762.jpg\" data-attachment-id=\"8677\" data-type=\"image\" class=\"fg-thumb\"><span class=\"fg-image-wrap\"><img width=\"640\" height=\"360\" class=\"skip-lazy fg-image\" data-src-fg=\"https:\/\/www.aegv.edu.pt\/bibliotecadagil\/wp-content\/uploads\/cache\/2019\/06\/DSCF5762\/1744244583.jpg\" src=\"data:image\/svg+xml,%3Csvg%20xmlns%3D%22http%3A%2F%2Fwww.w3.org%2F2000%2Fsvg%22%20width%3D%22640%22%20height%3D%22360%22%20viewBox%3D%220%200%20640%20360%22%3E%3C%2Fsvg%3E\" loading=\"eager\"><\/span><span class=\"fg-image-overlay\"><\/span><\/a><\/figure><div class=\"fg-loader\"><\/div><\/div><div class=\"fg-item fg-type-image fg-idle\"><figure class=\"fg-item-inner\"><a href=\"https:\/\/www.aegv.edu.pt\/bibliotecadagil\/wp-content\/uploads\/2019\/06\/DSCF5763.jpg\" data-attachment-id=\"8678\" data-type=\"image\" class=\"fg-thumb\"><span class=\"fg-image-wrap\"><img width=\"640\" height=\"360\" class=\"skip-lazy fg-image\" data-src-fg=\"https:\/\/www.aegv.edu.pt\/bibliotecadagil\/wp-content\/uploads\/cache\/2019\/06\/DSCF5763\/1639362851.jpg\" src=\"data:image\/svg+xml,%3Csvg%20xmlns%3D%22http%3A%2F%2Fwww.w3.org%2F2000%2Fsvg%22%20width%3D%22640%22%20height%3D%22360%22%20viewBox%3D%220%200%20640%20360%22%3E%3C%2Fsvg%3E\" loading=\"eager\"><\/span><span class=\"fg-image-overlay\"><\/span><\/a><\/figure><div class=\"fg-loader\"><\/div><\/div><div class=\"fg-item fg-type-image fg-idle\"><figure class=\"fg-item-inner\"><a href=\"https:\/\/www.aegv.edu.pt\/bibliotecadagil\/wp-content\/uploads\/2019\/06\/DSCF5764.jpg\" data-attachment-id=\"8679\" data-type=\"image\" class=\"fg-thumb\"><span class=\"fg-image-wrap\"><img width=\"640\" height=\"360\" class=\"skip-lazy fg-image\" data-src-fg=\"https:\/\/www.aegv.edu.pt\/bibliotecadagil\/wp-content\/uploads\/cache\/2019\/06\/DSCF5764\/2151377517.jpg\" src=\"data:image\/svg+xml,%3Csvg%20xmlns%3D%22http%3A%2F%2Fwww.w3.org%2F2000%2Fsvg%22%20width%3D%22640%22%20height%3D%22360%22%20viewBox%3D%220%200%20640%20360%22%3E%3C%2Fsvg%3E\" loading=\"eager\"><\/span><span class=\"fg-image-overlay\"><\/span><\/a><\/figure><div class=\"fg-loader\"><\/div><\/div><div class=\"fg-item fg-type-image fg-idle\"><figure class=\"fg-item-inner\"><a href=\"https:\/\/www.aegv.edu.pt\/bibliotecadagil\/wp-content\/uploads\/2019\/06\/DSCF5765.jpg\" data-attachment-id=\"8680\" data-type=\"image\" class=\"fg-thumb\"><span class=\"fg-image-wrap\"><img width=\"640\" height=\"360\" class=\"skip-lazy fg-image\" data-src-fg=\"https:\/\/www.aegv.edu.pt\/bibliotecadagil\/wp-content\/uploads\/cache\/2019\/06\/DSCF5765\/4137149292.jpg\" src=\"data:image\/svg+xml,%3Csvg%20xmlns%3D%22http%3A%2F%2Fwww.w3.org%2F2000%2Fsvg%22%20width%3D%22640%22%20height%3D%22360%22%20viewBox%3D%220%200%20640%20360%22%3E%3C%2Fsvg%3E\" loading=\"eager\"><\/span><span class=\"fg-image-overlay\"><\/span><\/a><\/figure><div class=\"fg-loader\"><\/div><\/div><div class=\"fg-item fg-type-image fg-idle\"><figure class=\"fg-item-inner\"><a href=\"https:\/\/www.aegv.edu.pt\/bibliotecadagil\/wp-content\/uploads\/2019\/06\/DSCF5766.jpg\" data-attachment-id=\"8681\" data-type=\"image\" class=\"fg-thumb\"><span class=\"fg-image-wrap\"><img width=\"640\" height=\"360\" class=\"skip-lazy fg-image\" data-src-fg=\"https:\/\/www.aegv.edu.pt\/bibliotecadagil\/wp-content\/uploads\/cache\/2019\/06\/DSCF5766\/2471507672.jpg\" src=\"data:image\/svg+xml,%3Csvg%20xmlns%3D%22http%3A%2F%2Fwww.w3.org%2F2000%2Fsvg%22%20width%3D%22640%22%20height%3D%22360%22%20viewBox%3D%220%200%20640%20360%22%3E%3C%2Fsvg%3E\" loading=\"eager\"><\/span><span class=\"fg-image-overlay\"><\/span><\/a><\/figure><div class=\"fg-loader\"><\/div><\/div><div class=\"fg-item fg-type-image fg-idle\"><figure class=\"fg-item-inner\"><a href=\"https:\/\/www.aegv.edu.pt\/bibliotecadagil\/wp-content\/uploads\/2019\/06\/DSCF5767.jpg\" data-attachment-id=\"8682\" data-type=\"image\" class=\"fg-thumb\"><span class=\"fg-image-wrap\"><img width=\"640\" height=\"360\" class=\"skip-lazy fg-image\" data-src-fg=\"https:\/\/www.aegv.edu.pt\/bibliotecadagil\/wp-content\/uploads\/cache\/2019\/06\/DSCF5767\/3109177086.jpg\" src=\"data:image\/svg+xml,%3Csvg%20xmlns%3D%22http%3A%2F%2Fwww.w3.org%2F2000%2Fsvg%22%20width%3D%22640%22%20height%3D%22360%22%20viewBox%3D%220%200%20640%20360%22%3E%3C%2Fsvg%3E\" loading=\"eager\"><\/span><span class=\"fg-image-overlay\"><\/span><\/a><\/figure><div class=\"fg-loader\"><\/div><\/div><div class=\"fg-item fg-type-image fg-idle\"><figure class=\"fg-item-inner\"><a href=\"https:\/\/www.aegv.edu.pt\/bibliotecadagil\/wp-content\/uploads\/2019\/06\/DSCF5768.jpg\" data-attachment-id=\"8683\" data-type=\"image\" class=\"fg-thumb\"><span class=\"fg-image-wrap\"><img width=\"640\" height=\"360\" class=\"skip-lazy fg-image\" data-src-fg=\"https:\/\/www.aegv.edu.pt\/bibliotecadagil\/wp-content\/uploads\/cache\/2019\/06\/DSCF5768\/2335868421.jpg\" src=\"data:image\/svg+xml,%3Csvg%20xmlns%3D%22http%3A%2F%2Fwww.w3.org%2F2000%2Fsvg%22%20width%3D%22640%22%20height%3D%22360%22%20viewBox%3D%220%200%20640%20360%22%3E%3C%2Fsvg%3E\" loading=\"eager\"><\/span><span class=\"fg-image-overlay\"><\/span><\/a><\/figure><div class=\"fg-loader\"><\/div><\/div>\t\t<\/div>\n\t\t<div class=\"fiv-ctrls\">\n\t\t\t<button type=\"button\" class=\"fiv-prev\" title=\"Prev\"><span>Prev<\/span><\/button>\n\t\t\t<label class=\"fiv-count\"><span class=\"fiv-count-current\">1<\/span>of<span class=\"fiv-count-total\">31<\/span><\/label>\n\t\t\t<button type=\"button\" class=\"fiv-next\" title=\"Next\"><span>Next<\/span><\/button>\n\t\t<\/div>\n\t<\/div>\n<\/div>","protected":false},"excerpt":{"rendered":"<p>No dia 7 de Junho, os alunos do 5\u00ba 7\u00aa realizaram a segunda parte de um workshop de escrita criativa dinamizado pela Biblioteca Escolar em parceria com a Directora de Turma, Dra. Andreia Oliveira, no \u00e2mbito da disciplina de Portugu\u00eas. Desta vez, os alunos criaram poemas e escolheram as ilustra\u00e7\u00f5es que se lhes adequavam. Aqui, &hellip; <\/p>\n<p class=\"link-more\"><a href=\"https:\/\/www.aegv.edu.pt\/bibliotecadagil\/as-voltas-que-a-rosa-da\/\" class=\"more-link\">Continuar a ler <span class=\"screen-reader-text\">&#8220;As voltas que a Rosa d\u00e1&#8221;<\/span><\/a><\/p>\n","protected":false},"author":2,"featured_media":0,"parent":0,"menu_order":0,"comment_status":"closed","ping_status":"closed","template":"","meta":[],"_links":{"self":[{"href":"https:\/\/www.aegv.edu.pt\/bibliotecadagil\/wp-json\/wp\/v2\/pages\/8767"}],"collection":[{"href":"https:\/\/www.aegv.edu.pt\/bibliotecadagil\/wp-json\/wp\/v2\/pages"}],"about":[{"href":"https:\/\/www.aegv.edu.pt\/bibliotecadagil\/wp-json\/wp\/v2\/types\/page"}],"author":[{"embeddable":true,"href":"https:\/\/www.aegv.edu.pt\/bibliotecadagil\/wp-json\/wp\/v2\/users\/2"}],"replies":[{"embeddable":true,"href":"https:\/\/www.aegv.edu.pt\/bibliotecadagil\/wp-json\/wp\/v2\/comments?post=8767"}],"version-history":[{"count":2,"href":"https:\/\/www.aegv.edu.pt\/bibliotecadagil\/wp-json\/wp\/v2\/pages\/8767\/revisions"}],"predecessor-version":[{"id":8775,"href":"https:\/\/www.aegv.edu.pt\/bibliotecadagil\/wp-json\/wp\/v2\/pages\/8767\/revisions\/8775"}],"wp:attachment":[{"href":"https:\/\/www.aegv.edu.pt\/bibliotecadagil\/wp-json\/wp\/v2\/media?parent=8767"}],"curies":[{"name":"wp","href":"https:\/\/api.w.org\/{rel}","templated":true}]}}