{"id":6102,"date":"2019-05-09T12:08:15","date_gmt":"2019-05-09T12:08:15","guid":{"rendered":"http:\/\/www.aegv.edu.pt\/bibliotecadagil\/?page_id=6102"},"modified":"2019-05-09T13:31:44","modified_gmt":"2019-05-09T13:31:44","slug":"atelier-de-pintura-e-desenho","status":"publish","type":"page","link":"https:\/\/www.aegv.edu.pt\/bibliotecadagil\/atelier-de-pintura-e-desenho\/","title":{"rendered":"Da Palavra \u00e0 Imagem &#8211; Atelier de Pintura e Desenho"},"content":{"rendered":"\n<p>O <em>atelie<\/em>r &#8220;Da Palavra \u00e0 Imagem&#8221;, dinamizado pelo Prof. Jo\u00e3o Ribeiro,  tem como objectivo proporcionar aos alunos o desenvolvimento de compet\u00eancias na \u00e1rea da express\u00e3o pl\u00e1stica, tendo como ponto de refer\u00eancia a interpreta\u00e7\u00e3o de textos. Dois dos trabalhos seleccionados para as &#8220;Olimp\u00edadas de Cultura Cl\u00e1ssica&#8221; de 2019  (&#8220;Cl\u00e1ssicos em Rede&#8221; &#8211; Modalidade Artes \/ Multim\u00e9dia) foram executados no \u00e2mbito deste<em> atelier<\/em>, que funciona semanalmente em hor\u00e1rio extra-curricular.<\/p>\n\n\n<style type=\"text\/css\">\n#foogallery-gallery-6113 .fg-image { width: 640px; }<\/style>\n\t\t\t<div class=\"foogallery foogallery-container foogallery-image-viewer foogallery-link-image foogallery-lightbox-foobox fg-center fg-image-viewer fg-ready fg-light fg-border-thin fg-shadow-outline fg-loading-default fg-loaded-fade-in fg-caption-hover fg-hover-fade fg-hover-zoom\" id=\"foogallery-gallery-6113\" data-foogallery=\"{&quot;item&quot;:{&quot;showCaptionTitle&quot;:false,&quot;showCaptionDescription&quot;:false},&quot;lazy&quot;:true,&quot;template&quot;:{&quot;loop&quot;:true}}\" style=\"--fg-title-line-clamp: 0; --fg-description-line-clamp: 0;\" >\n\t<div class=\"fiv-inner\">\n\t\t<div class=\"fiv-inner-container\">\n\t\t\t<div class=\"fg-item fg-type-image fg-idle\"><figure class=\"fg-item-inner\"><a href=\"https:\/\/www.aegv.edu.pt\/bibliotecadagil\/wp-content\/uploads\/2019\/05\/47137485_1124808417693118_4338863953414193152_n.jpg\" data-caption-title=\"Da Palavra \u00e0 imagem\" data-attachment-id=\"6095\" data-type=\"image\" class=\"fg-thumb\"><span class=\"fg-image-wrap\"><img title=\"Da Palavra \u00e0 imagem\" width=\"640\" height=\"360\" class=\"skip-lazy fg-image\" data-src-fg=\"https:\/\/www.aegv.edu.pt\/bibliotecadagil\/wp-content\/uploads\/cache\/2019\/05\/47137485_1124808417693118_4338863953414193152_n\/2865913397.jpg\" src=\"data:image\/svg+xml,%3Csvg%20xmlns%3D%22http%3A%2F%2Fwww.w3.org%2F2000%2Fsvg%22%20width%3D%22640%22%20height%3D%22360%22%20viewBox%3D%220%200%20640%20360%22%3E%3C%2Fsvg%3E\" loading=\"eager\"><\/span><span class=\"fg-image-overlay\"><\/span><\/a><\/figure><div class=\"fg-loader\"><\/div><\/div><div class=\"fg-item fg-type-image fg-idle\"><figure class=\"fg-item-inner\"><a href=\"https:\/\/www.aegv.edu.pt\/bibliotecadagil\/wp-content\/uploads\/2019\/05\/46990126_1124405727733387_5146379214504591360_n.jpg\" data-attachment-id=\"6094\" data-type=\"image\" class=\"fg-thumb\"><span class=\"fg-image-wrap\"><img width=\"640\" height=\"360\" class=\"skip-lazy fg-image\" data-src-fg=\"https:\/\/www.aegv.edu.pt\/bibliotecadagil\/wp-content\/uploads\/cache\/2019\/05\/46990126_1124405727733387_5146379214504591360_n\/870389777.jpg\" src=\"data:image\/svg+xml,%3Csvg%20xmlns%3D%22http%3A%2F%2Fwww.w3.org%2F2000%2Fsvg%22%20width%3D%22640%22%20height%3D%22360%22%20viewBox%3D%220%200%20640%20360%22%3E%3C%2Fsvg%3E\" loading=\"eager\"><\/span><span class=\"fg-image-overlay\"><\/span><\/a><\/figure><div class=\"fg-loader\"><\/div><\/div><div class=\"fg-item fg-type-image fg-idle\"><figure class=\"fg-item-inner\"><a href=\"https:\/\/www.aegv.edu.pt\/bibliotecadagil\/wp-content\/uploads\/2019\/05\/46981230_1124405664400060_5316410123575361536_n.jpg\" data-attachment-id=\"6093\" data-type=\"image\" class=\"fg-thumb\"><span class=\"fg-image-wrap\"><img width=\"640\" height=\"360\" class=\"skip-lazy fg-image\" data-src-fg=\"https:\/\/www.aegv.edu.pt\/bibliotecadagil\/wp-content\/uploads\/cache\/2019\/05\/46981230_1124405664400060_5316410123575361536_n\/2349914488.jpg\" src=\"data:image\/svg+xml,%3Csvg%20xmlns%3D%22http%3A%2F%2Fwww.w3.org%2F2000%2Fsvg%22%20width%3D%22640%22%20height%3D%22360%22%20viewBox%3D%220%200%20640%20360%22%3E%3C%2Fsvg%3E\" loading=\"eager\"><\/span><span class=\"fg-image-overlay\"><\/span><\/a><\/figure><div class=\"fg-loader\"><\/div><\/div><div class=\"fg-item fg-type-image fg-idle\"><figure class=\"fg-item-inner\"><a href=\"https:\/\/www.aegv.edu.pt\/bibliotecadagil\/wp-content\/uploads\/2019\/05\/46915753_1124405657733394_8358002161832951808_n.jpg\" data-attachment-id=\"6092\" data-type=\"image\" class=\"fg-thumb\"><span class=\"fg-image-wrap\"><img width=\"640\" height=\"360\" class=\"skip-lazy fg-image\" data-src-fg=\"https:\/\/www.aegv.edu.pt\/bibliotecadagil\/wp-content\/uploads\/cache\/2019\/05\/46915753_1124405657733394_8358002161832951808_n\/3627388779.jpg\" src=\"data:image\/svg+xml,%3Csvg%20xmlns%3D%22http%3A%2F%2Fwww.w3.org%2F2000%2Fsvg%22%20width%3D%22640%22%20height%3D%22360%22%20viewBox%3D%220%200%20640%20360%22%3E%3C%2Fsvg%3E\" loading=\"eager\"><\/span><span class=\"fg-image-overlay\"><\/span><\/a><\/figure><div class=\"fg-loader\"><\/div><\/div><div class=\"fg-item fg-type-image fg-idle\"><figure class=\"fg-item-inner\"><a href=\"https:\/\/www.aegv.edu.pt\/bibliotecadagil\/wp-content\/uploads\/2019\/05\/46507983_1124405644400062_8676469515770396672_n.jpg\" data-attachment-id=\"6091\" data-type=\"image\" class=\"fg-thumb\"><span class=\"fg-image-wrap\"><img width=\"640\" height=\"360\" class=\"skip-lazy fg-image\" data-src-fg=\"https:\/\/www.aegv.edu.pt\/bibliotecadagil\/wp-content\/uploads\/cache\/2019\/05\/46507983_1124405644400062_8676469515770396672_n\/2925492083.jpg\" src=\"data:image\/svg+xml,%3Csvg%20xmlns%3D%22http%3A%2F%2Fwww.w3.org%2F2000%2Fsvg%22%20width%3D%22640%22%20height%3D%22360%22%20viewBox%3D%220%200%20640%20360%22%3E%3C%2Fsvg%3E\" loading=\"eager\"><\/span><span class=\"fg-image-overlay\"><\/span><\/a><\/figure><div class=\"fg-loader\"><\/div><\/div>\t\t<\/div>\n\t\t<div class=\"fiv-ctrls\">\n\t\t\t<button type=\"button\" class=\"fiv-prev\" title=\"Anterior\"><span>Anterior<\/span><\/button>\n\t\t\t<label class=\"fiv-count\"><span class=\"fiv-count-current\">1<\/span>de<span class=\"fiv-count-total\">5<\/span><\/label>\n\t\t\t<button type=\"button\" class=\"fiv-next\" title=\"Seguinte\"><span>Seguinte<\/span><\/button>\n\t\t<\/div>\n\t<\/div>\n<\/div>","protected":false},"excerpt":{"rendered":"<p>O atelier &#8220;Da Palavra \u00e0 Imagem&#8221;, dinamizado pelo Prof. Jo\u00e3o Ribeiro, tem como objectivo proporcionar aos alunos o desenvolvimento de compet\u00eancias na \u00e1rea da express\u00e3o pl\u00e1stica, tendo como ponto de refer\u00eancia a interpreta\u00e7\u00e3o de textos. Dois dos trabalhos seleccionados para as &#8220;Olimp\u00edadas de Cultura Cl\u00e1ssica&#8221; de 2019 (&#8220;Cl\u00e1ssicos em Rede&#8221; &#8211; Modalidade Artes \/ Multim\u00e9dia) &hellip; <\/p>\n<p class=\"link-more\"><a href=\"https:\/\/www.aegv.edu.pt\/bibliotecadagil\/atelier-de-pintura-e-desenho\/\" class=\"more-link\">Continuar a ler <span class=\"screen-reader-text\">&#8220;Da Palavra \u00e0 Imagem &#8211; Atelier de Pintura e Desenho&#8221;<\/span><\/a><\/p>\n","protected":false},"author":2,"featured_media":0,"parent":0,"menu_order":0,"comment_status":"closed","ping_status":"closed","template":"","meta":[],"_links":{"self":[{"href":"https:\/\/www.aegv.edu.pt\/bibliotecadagil\/wp-json\/wp\/v2\/pages\/6102"}],"collection":[{"href":"https:\/\/www.aegv.edu.pt\/bibliotecadagil\/wp-json\/wp\/v2\/pages"}],"about":[{"href":"https:\/\/www.aegv.edu.pt\/bibliotecadagil\/wp-json\/wp\/v2\/types\/page"}],"author":[{"embeddable":true,"href":"https:\/\/www.aegv.edu.pt\/bibliotecadagil\/wp-json\/wp\/v2\/users\/2"}],"replies":[{"embeddable":true,"href":"https:\/\/www.aegv.edu.pt\/bibliotecadagil\/wp-json\/wp\/v2\/comments?post=6102"}],"version-history":[{"count":6,"href":"https:\/\/www.aegv.edu.pt\/bibliotecadagil\/wp-json\/wp\/v2\/pages\/6102\/revisions"}],"predecessor-version":[{"id":6118,"href":"https:\/\/www.aegv.edu.pt\/bibliotecadagil\/wp-json\/wp\/v2\/pages\/6102\/revisions\/6118"}],"wp:attachment":[{"href":"https:\/\/www.aegv.edu.pt\/bibliotecadagil\/wp-json\/wp\/v2\/media?parent=6102"}],"curies":[{"name":"wp","href":"https:\/\/api.w.org\/{rel}","templated":true}]}}