{"id":50,"date":"2017-11-16T10:01:29","date_gmt":"2017-11-16T12:01:29","guid":{"rendered":"https:\/\/bibliotecadagil.wordpress.com\/?page_id=50"},"modified":"2017-11-16T10:01:29","modified_gmt":"2017-11-16T12:01:29","slug":"documentos","status":"publish","type":"page","link":"https:\/\/www.aegv.edu.pt\/bibliotecadagil\/documentos\/","title":{"rendered":"Documentos"},"content":{"rendered":"<p style=\"text-align:justify;\">Nesta p\u00e1gina, ser\u00e3o disponibilizados os documentos orientadores do trabalho das Bibliotecas Escolares, nos termos do Minist\u00e9rio da Educa\u00e7\u00e3o e Ci\u00eancia.<\/p>\n<p style=\"text-align:center;\"><a href=\"http:\/\/www.aegv.edu.pt\/bibliotecadagil\/wp-content\/uploads\/2017\/12\/gestao_be_v2-1.pdf\" target=\"_blank\" rel=\"noopener\"><img loading=\"lazy\" class=\"alignnone size-full wp-image-1737\" src=\"http:\/\/www.aegv.edu.pt\/bibliotecadagil\/wp-content\/uploads\/2017\/12\/orientac3a7c3b5es-rbe1.png\" alt=\"Orienta\u00e7\u00f5es RBE\" width=\"267\" height=\"377\" srcset=\"https:\/\/www.aegv.edu.pt\/bibliotecadagil\/wp-content\/uploads\/2017\/12\/orientac3a7c3b5es-rbe1.png 267w, https:\/\/www.aegv.edu.pt\/bibliotecadagil\/wp-content\/uploads\/2017\/12\/orientac3a7c3b5es-rbe1-212x300.png 212w\" sizes=\"(max-width: 267px) 100vw, 267px\" \/><\/a><\/p>\n<p style=\"text-align:center;\"><a title=\"gestao_be_v2 (1)\" href=\"http:\/\/www.aegv.edu.pt\/bibliotecadagil\/wp-content\/uploads\/2017\/12\/gestao_be_v2-1.pdf\" target=\"_blank\" rel=\"noopener\">Para uma gest\u00e3o integrada da biblioteca escolar do agrupamento &#8211; Orienta\u00e7\u00f5es RBE<\/a><\/p>\n<p><a href=\"http:\/\/www.aegv.edu.pt\/bibliotecadagil\/wp-content\/uploads\/2017\/11\/aprender_com_a_biblioteca_escolar.pdf\" target=\"_blank\" rel=\"noopener\"><img loading=\"lazy\" class=\"aligncenter wp-image-175 size-medium\" src=\"https:\/\/bibliotecadagil.files.wordpress.com\/2017\/11\/referencial.png?w=211\" alt=\"\" width=\"211\" height=\"300\" \/><\/a><\/p>\n<p style=\"text-align:center;\"><a title=\"Aprender_com_a_biblioteca_escolar\" href=\"http:\/\/www.aegv.edu.pt\/bibliotecadagil\/wp-content\/uploads\/2017\/11\/aprender_com_a_biblioteca_escolar.pdf\" target=\"_blank\" rel=\"noopener\">Aprender com a biblioteca escolar &#8211; Referencial de aprendizagens associadas ao trabalho das bibliotecas escolares na Educa\u00e7\u00e3o Pr\u00e9-escolar e no Ensino B\u00e1sico<\/a><\/p>\n<p><a href=\"http:\/\/www.aegv.edu.pt\/bibliotecadagil\/wp-content\/uploads\/2017\/11\/modelo_de_valiacao_da_biblioteca_escolar.pdf\" target=\"_blank\" rel=\"noopener\"><img loading=\"lazy\" class=\" size-medium wp-image-174 aligncenter\" src=\"http:\/\/www.aegv.edu.pt\/bibliotecadagil\/wp-content\/uploads\/2017\/11\/mabe.png?w=218\" alt=\"\" width=\"218\" height=\"300\" srcset=\"https:\/\/www.aegv.edu.pt\/bibliotecadagil\/wp-content\/uploads\/2017\/11\/mabe.png 494w, https:\/\/www.aegv.edu.pt\/bibliotecadagil\/wp-content\/uploads\/2017\/11\/mabe-218x300.png 218w\" sizes=\"(max-width: 218px) 100vw, 218px\" \/><\/a><\/p>\n<p style=\"text-align:center;\"><a title=\"Modelo_de_avaliacao_da_biblioteca_escolar\" href=\"http:\/\/www.aegv.edu.pt\/bibliotecadagil\/wp-content\/uploads\/2017\/11\/modelo_de_valiacao_da_biblioteca_escolar.pdf\" target=\"_blank\" rel=\"noopener\">Modelo de avalia\u00e7\u00e3o da biblioteca escolar 2014-2017<\/a><\/p>\n","protected":false},"excerpt":{"rendered":"<p>Nesta p\u00e1gina, ser\u00e3o disponibilizados os documentos orientadores do trabalho das Bibliotecas Escolares, nos termos do Minist\u00e9rio da Educa\u00e7\u00e3o e Ci\u00eancia. Para uma gest\u00e3o integrada da biblioteca escolar do agrupamento &#8211; Orienta\u00e7\u00f5es RBE Aprender com a biblioteca escolar &#8211; Referencial de aprendizagens associadas ao trabalho das bibliotecas escolares na Educa\u00e7\u00e3o Pr\u00e9-escolar e no Ensino B\u00e1sico Modelo &hellip; <\/p>\n<p class=\"link-more\"><a href=\"https:\/\/www.aegv.edu.pt\/bibliotecadagil\/documentos\/\" class=\"more-link\">Continuar a ler <span class=\"screen-reader-text\">&#8220;Documentos&#8221;<\/span><\/a><\/p>\n","protected":false},"author":2,"featured_media":0,"parent":0,"menu_order":0,"comment_status":"closed","ping_status":"closed","template":"","meta":[],"_links":{"self":[{"href":"https:\/\/www.aegv.edu.pt\/bibliotecadagil\/wp-json\/wp\/v2\/pages\/50"}],"collection":[{"href":"https:\/\/www.aegv.edu.pt\/bibliotecadagil\/wp-json\/wp\/v2\/pages"}],"about":[{"href":"https:\/\/www.aegv.edu.pt\/bibliotecadagil\/wp-json\/wp\/v2\/types\/page"}],"author":[{"embeddable":true,"href":"https:\/\/www.aegv.edu.pt\/bibliotecadagil\/wp-json\/wp\/v2\/users\/2"}],"replies":[{"embeddable":true,"href":"https:\/\/www.aegv.edu.pt\/bibliotecadagil\/wp-json\/wp\/v2\/comments?post=50"}],"version-history":[{"count":0,"href":"https:\/\/www.aegv.edu.pt\/bibliotecadagil\/wp-json\/wp\/v2\/pages\/50\/revisions"}],"wp:attachment":[{"href":"https:\/\/www.aegv.edu.pt\/bibliotecadagil\/wp-json\/wp\/v2\/media?parent=50"}],"curies":[{"name":"wp","href":"https:\/\/api.w.org\/{rel}","templated":true}]}}