{"id":220,"date":"2017-12-10T01:10:20","date_gmt":"2017-12-10T01:10:20","guid":{"rendered":"https:\/\/bibliotecadagil.wordpress.com\/?page_id=220"},"modified":"2018-07-08T14:19:12","modified_gmt":"2018-07-08T14:19:12","slug":"dia-nacional-das-bibliotecas-escolares","status":"publish","type":"page","link":"https:\/\/www.aegv.edu.pt\/bibliotecadagil\/dia-nacional-das-bibliotecas-escolares\/","title":{"rendered":"Dia Nacional das Bibliotecas Escolares"},"content":{"rendered":"<h2 style=\"text-align: center;\"><span style=\"color: #000000;\"><strong>DIA ABERTO<\/strong><\/span><\/h2>\n<p style=\"text-align: justify;\">No dia <strong>23 de outubro de 2017<\/strong>, <strong>Dia das Bibliotecas Escolares<\/strong>, a Biblioteca da Escola Gil Vicente recebeu duas turmas do 1\u00ba Ciclo, para uma visita guiada, com o prop\u00f3sito de refor\u00e7ar os la\u00e7os entre as Escolas e as Bibliotecas do Agrupamento: a turma do 4\u00ba Ano da Escola de Santa Clara, da Professora S\u00f3nia Mascarenhas, e a turma do 4\u00ba Ano da Escola do Castelo, do Professor Pedro Domingues, ambas acompanhadas pelo Professor Bibliotec\u00e1rio, Dr. Joel Casteleira. A iniciativa esteve a cargo dos Professores Bibliotec\u00e1rios do AEGV.<\/p>\n<p style=\"text-align: justify;\">Os alunos tiveram oportunidade de:<br \/>\n&#8211; Visitar a Biblioteca do Liceu Gil Vicente (actualmente, Sala Jos\u00e9 Saramago);<br \/>\n&#8211; Ler, em suporte digital, o livro de Mafalda Milh\u00f5es, &#8220;A Biblioteca \u00e9 uma casa onde cabe toda a gente&#8221;, na Sala Polivalente anexa \u00e0 Biblioteca;<br \/>\n&#8211; Visitar a exposi\u00e7\u00e3o &#8220;O Tempo da L\u00edngua&#8221;, uma iniciativa do Departamento de L\u00ednguas, patente at\u00e9 ao pr\u00f3ximo dia 30 de outubro, na zona de exposi\u00e7\u00f5es cont\u00edgua \u00e0 Biblioteca;<br \/>\n&#8211; Visitar a Biblioteca da Escola Gil Vicente, onde cada um deixou a sua marca, no expositor da entrada, \u00e0 vista de todos.<\/p>\n<p style=\"text-align: justify;\">Muito obrigada a todos os alunos e professores envolvidos nesta iniciativa!<\/p>\n<p style=\"text-align: justify;\">Muito obrigada tamb\u00e9m \u00e0 turma do Castelo pela oferta do v\u00eddeo realizado em sala de aula, a prop\u00f3sito da comemora\u00e7\u00e3o do MIBE, como resposta ao desafio proposto pelas Bibliotecas Escolares. Os alunos procuraram associar palavras \u00e0 ideia de &#8220;Biblioteca&#8221;, na tentativa de constituir uma defini\u00e7\u00e3o plural que espelhasse o sentimento da turma. A supervis\u00e3o pedag\u00f3gica, a produ\u00e7\u00e3o e edi\u00e7\u00e3o do v\u00eddeo s\u00e3o da responsabilidade do Professor Pedro Domigues.<\/p>\n<div id='gallery-1' class='gallery galleryid-220 gallery-columns-1 gallery-size-full'><figure class='gallery-item'>\n\t\t\t<div class='gallery-icon landscape'>\n\t\t\t\t<a href='https:\/\/www.aegv.edu.pt\/bibliotecadagil\/22853347_876622945845001_2982761822174733353_n\/'><img width=\"960\" height=\"720\" src=\"https:\/\/www.aegv.edu.pt\/bibliotecadagil\/wp-content\/uploads\/2017\/11\/22853347_876622945845001_2982761822174733353_n.jpg\" class=\"attachment-full size-full\" alt=\"\" loading=\"lazy\" srcset=\"https:\/\/www.aegv.edu.pt\/bibliotecadagil\/wp-content\/uploads\/2017\/11\/22853347_876622945845001_2982761822174733353_n.jpg 960w, https:\/\/www.aegv.edu.pt\/bibliotecadagil\/wp-content\/uploads\/2017\/11\/22853347_876622945845001_2982761822174733353_n-300x225.jpg 300w, https:\/\/www.aegv.edu.pt\/bibliotecadagil\/wp-content\/uploads\/2017\/11\/22853347_876622945845001_2982761822174733353_n-768x576.jpg 768w\" sizes=\"100vw\" \/><\/a>\n\t\t\t<\/div><\/figure><figure class='gallery-item'>\n\t\t\t<div class='gallery-icon portrait'>\n\t\t\t\t<a href='https:\/\/www.aegv.edu.pt\/bibliotecadagil\/22814296_876616752512287_6726730867636644981_n\/'><img width=\"724\" height=\"960\" src=\"https:\/\/www.aegv.edu.pt\/bibliotecadagil\/wp-content\/uploads\/2017\/11\/22814296_876616752512287_6726730867636644981_n.jpg\" class=\"attachment-full size-full\" alt=\"\" loading=\"lazy\" srcset=\"https:\/\/www.aegv.edu.pt\/bibliotecadagil\/wp-content\/uploads\/2017\/11\/22814296_876616752512287_6726730867636644981_n.jpg 724w, https:\/\/www.aegv.edu.pt\/bibliotecadagil\/wp-content\/uploads\/2017\/11\/22814296_876616752512287_6726730867636644981_n-226x300.jpg 226w\" sizes=\"100vw\" \/><\/a>\n\t\t\t<\/div><\/figure><figure class='gallery-item'>\n\t\t\t<div class='gallery-icon landscape'>\n\t\t\t\t<a href='https:\/\/www.aegv.edu.pt\/bibliotecadagil\/22886149_876627129177916_6692975842549099683_n\/'><img width=\"960\" height=\"720\" src=\"https:\/\/www.aegv.edu.pt\/bibliotecadagil\/wp-content\/uploads\/2017\/11\/22886149_876627129177916_6692975842549099683_n.jpg\" class=\"attachment-full size-full\" alt=\"\" loading=\"lazy\" srcset=\"https:\/\/www.aegv.edu.pt\/bibliotecadagil\/wp-content\/uploads\/2017\/11\/22886149_876627129177916_6692975842549099683_n.jpg 960w, https:\/\/www.aegv.edu.pt\/bibliotecadagil\/wp-content\/uploads\/2017\/11\/22886149_876627129177916_6692975842549099683_n-300x225.jpg 300w, https:\/\/www.aegv.edu.pt\/bibliotecadagil\/wp-content\/uploads\/2017\/11\/22886149_876627129177916_6692975842549099683_n-768x576.jpg 768w\" sizes=\"100vw\" \/><\/a>\n\t\t\t<\/div><\/figure><figure class='gallery-item'>\n\t\t\t<div class='gallery-icon landscape'>\n\t\t\t\t<a href='https:\/\/www.aegv.edu.pt\/bibliotecadagil\/22853344_876623625844933_588118776600368455_n\/'><img width=\"960\" height=\"720\" src=\"https:\/\/www.aegv.edu.pt\/bibliotecadagil\/wp-content\/uploads\/2017\/11\/22853344_876623625844933_588118776600368455_n.jpg\" class=\"attachment-full size-full\" alt=\"\" loading=\"lazy\" srcset=\"https:\/\/www.aegv.edu.pt\/bibliotecadagil\/wp-content\/uploads\/2017\/11\/22853344_876623625844933_588118776600368455_n.jpg 960w, https:\/\/www.aegv.edu.pt\/bibliotecadagil\/wp-content\/uploads\/2017\/11\/22853344_876623625844933_588118776600368455_n-300x225.jpg 300w, https:\/\/www.aegv.edu.pt\/bibliotecadagil\/wp-content\/uploads\/2017\/11\/22853344_876623625844933_588118776600368455_n-768x576.jpg 768w\" sizes=\"100vw\" \/><\/a>\n\t\t\t<\/div><\/figure><figure class='gallery-item'>\n\t\t\t<div class='gallery-icon landscape'>\n\t\t\t\t<a href='https:\/\/www.aegv.edu.pt\/bibliotecadagil\/22814507_876622552511707_5361812374464261270_n\/'><img width=\"960\" height=\"720\" src=\"https:\/\/www.aegv.edu.pt\/bibliotecadagil\/wp-content\/uploads\/2017\/11\/22814507_876622552511707_5361812374464261270_n.jpg\" class=\"attachment-full size-full\" alt=\"\" loading=\"lazy\" srcset=\"https:\/\/www.aegv.edu.pt\/bibliotecadagil\/wp-content\/uploads\/2017\/11\/22814507_876622552511707_5361812374464261270_n.jpg 960w, https:\/\/www.aegv.edu.pt\/bibliotecadagil\/wp-content\/uploads\/2017\/11\/22814507_876622552511707_5361812374464261270_n-300x225.jpg 300w, https:\/\/www.aegv.edu.pt\/bibliotecadagil\/wp-content\/uploads\/2017\/11\/22814507_876622552511707_5361812374464261270_n-768x576.jpg 768w\" sizes=\"100vw\" \/><\/a>\n\t\t\t<\/div><\/figure><figure class='gallery-item'>\n\t\t\t<div class='gallery-icon landscape'>\n\t\t\t\t<a href='https:\/\/www.aegv.edu.pt\/bibliotecadagil\/22852043_876623929178236_9057943059459927162_n\/'><img width=\"960\" height=\"720\" src=\"https:\/\/www.aegv.edu.pt\/bibliotecadagil\/wp-content\/uploads\/2017\/11\/22852043_876623929178236_9057943059459927162_n.jpg\" class=\"attachment-full size-full\" alt=\"\" loading=\"lazy\" srcset=\"https:\/\/www.aegv.edu.pt\/bibliotecadagil\/wp-content\/uploads\/2017\/11\/22852043_876623929178236_9057943059459927162_n.jpg 960w, https:\/\/www.aegv.edu.pt\/bibliotecadagil\/wp-content\/uploads\/2017\/11\/22852043_876623929178236_9057943059459927162_n-300x225.jpg 300w, https:\/\/www.aegv.edu.pt\/bibliotecadagil\/wp-content\/uploads\/2017\/11\/22852043_876623929178236_9057943059459927162_n-768x576.jpg 768w\" sizes=\"100vw\" \/><\/a>\n\t\t\t<\/div><\/figure><figure class='gallery-item'>\n\t\t\t<div class='gallery-icon landscape'>\n\t\t\t\t<a href='https:\/\/www.aegv.edu.pt\/bibliotecadagil\/22853296_876616869178942_3046628196220510368_n\/'><img width=\"960\" height=\"720\" src=\"https:\/\/www.aegv.edu.pt\/bibliotecadagil\/wp-content\/uploads\/2017\/11\/22853296_876616869178942_3046628196220510368_n.jpg\" class=\"attachment-full size-full\" alt=\"\" loading=\"lazy\" srcset=\"https:\/\/www.aegv.edu.pt\/bibliotecadagil\/wp-content\/uploads\/2017\/11\/22853296_876616869178942_3046628196220510368_n.jpg 960w, https:\/\/www.aegv.edu.pt\/bibliotecadagil\/wp-content\/uploads\/2017\/11\/22853296_876616869178942_3046628196220510368_n-300x225.jpg 300w, https:\/\/www.aegv.edu.pt\/bibliotecadagil\/wp-content\/uploads\/2017\/11\/22853296_876616869178942_3046628196220510368_n-768x576.jpg 768w\" sizes=\"100vw\" \/><\/a>\n\t\t\t<\/div><\/figure><figure class='gallery-item'>\n\t\t\t<div class='gallery-icon landscape'>\n\t\t\t\t<a href='https:\/\/www.aegv.edu.pt\/bibliotecadagil\/23032381_876623375844958_8373773572055050237_n\/'><img width=\"960\" height=\"720\" src=\"https:\/\/www.aegv.edu.pt\/bibliotecadagil\/wp-content\/uploads\/2017\/11\/23032381_876623375844958_8373773572055050237_n.jpg\" class=\"attachment-full size-full\" alt=\"\" loading=\"lazy\" srcset=\"https:\/\/www.aegv.edu.pt\/bibliotecadagil\/wp-content\/uploads\/2017\/11\/23032381_876623375844958_8373773572055050237_n.jpg 960w, https:\/\/www.aegv.edu.pt\/bibliotecadagil\/wp-content\/uploads\/2017\/11\/23032381_876623375844958_8373773572055050237_n-300x225.jpg 300w, https:\/\/www.aegv.edu.pt\/bibliotecadagil\/wp-content\/uploads\/2017\/11\/23032381_876623375844958_8373773572055050237_n-768x576.jpg 768w\" sizes=\"100vw\" \/><\/a>\n\t\t\t<\/div><\/figure><figure class='gallery-item'>\n\t\t\t<div class='gallery-icon landscape'>\n\t\t\t\t<a href='https:\/\/www.aegv.edu.pt\/bibliotecadagil\/22852186_876623452511617_7255270223943936850_n\/'><img width=\"960\" height=\"720\" src=\"https:\/\/www.aegv.edu.pt\/bibliotecadagil\/wp-content\/uploads\/2017\/11\/22852186_876623452511617_7255270223943936850_n.jpg\" class=\"attachment-full size-full\" alt=\"\" loading=\"lazy\" srcset=\"https:\/\/www.aegv.edu.pt\/bibliotecadagil\/wp-content\/uploads\/2017\/11\/22852186_876623452511617_7255270223943936850_n.jpg 960w, https:\/\/www.aegv.edu.pt\/bibliotecadagil\/wp-content\/uploads\/2017\/11\/22852186_876623452511617_7255270223943936850_n-300x225.jpg 300w, https:\/\/www.aegv.edu.pt\/bibliotecadagil\/wp-content\/uploads\/2017\/11\/22852186_876623452511617_7255270223943936850_n-768x576.jpg 768w\" sizes=\"100vw\" \/><\/a>\n\t\t\t<\/div><\/figure><figure class='gallery-item'>\n\t\t\t<div class='gallery-icon landscape'>\n\t\t\t\t<a href='https:\/\/www.aegv.edu.pt\/bibliotecadagil\/23032513_876623539178275_5424260141009660687_n\/'><img width=\"960\" height=\"720\" src=\"https:\/\/www.aegv.edu.pt\/bibliotecadagil\/wp-content\/uploads\/2017\/11\/23032513_876623539178275_5424260141009660687_n.jpg\" class=\"attachment-full size-full\" alt=\"\" loading=\"lazy\" srcset=\"https:\/\/www.aegv.edu.pt\/bibliotecadagil\/wp-content\/uploads\/2017\/11\/23032513_876623539178275_5424260141009660687_n.jpg 960w, https:\/\/www.aegv.edu.pt\/bibliotecadagil\/wp-content\/uploads\/2017\/11\/23032513_876623539178275_5424260141009660687_n-300x225.jpg 300w, https:\/\/www.aegv.edu.pt\/bibliotecadagil\/wp-content\/uploads\/2017\/11\/23032513_876623539178275_5424260141009660687_n-768x576.jpg 768w\" sizes=\"100vw\" \/><\/a>\n\t\t\t<\/div><\/figure><figure class='gallery-item'>\n\t\t\t<div class='gallery-icon landscape'>\n\t\t\t\t<a href='https:\/\/www.aegv.edu.pt\/bibliotecadagil\/22886263_876617092512253_615429335501840357_n\/'><img width=\"960\" height=\"720\" src=\"https:\/\/www.aegv.edu.pt\/bibliotecadagil\/wp-content\/uploads\/2017\/11\/22886263_876617092512253_615429335501840357_n.jpg\" class=\"attachment-full size-full\" alt=\"\" loading=\"lazy\" srcset=\"https:\/\/www.aegv.edu.pt\/bibliotecadagil\/wp-content\/uploads\/2017\/11\/22886263_876617092512253_615429335501840357_n.jpg 960w, https:\/\/www.aegv.edu.pt\/bibliotecadagil\/wp-content\/uploads\/2017\/11\/22886263_876617092512253_615429335501840357_n-300x225.jpg 300w, https:\/\/www.aegv.edu.pt\/bibliotecadagil\/wp-content\/uploads\/2017\/11\/22886263_876617092512253_615429335501840357_n-768x576.jpg 768w\" sizes=\"100vw\" \/><\/a>\n\t\t\t<\/div><\/figure><figure class='gallery-item'>\n\t\t\t<div class='gallery-icon landscape'>\n\t\t\t\t<a href='https:\/\/www.aegv.edu.pt\/bibliotecadagil\/22885849_876622682511694_1392081489577629588_n\/'><img width=\"960\" height=\"720\" src=\"https:\/\/www.aegv.edu.pt\/bibliotecadagil\/wp-content\/uploads\/2017\/11\/22885849_876622682511694_1392081489577629588_n.jpg\" class=\"attachment-full size-full\" alt=\"\" loading=\"lazy\" srcset=\"https:\/\/www.aegv.edu.pt\/bibliotecadagil\/wp-content\/uploads\/2017\/11\/22885849_876622682511694_1392081489577629588_n.jpg 960w, https:\/\/www.aegv.edu.pt\/bibliotecadagil\/wp-content\/uploads\/2017\/11\/22885849_876622682511694_1392081489577629588_n-300x225.jpg 300w, https:\/\/www.aegv.edu.pt\/bibliotecadagil\/wp-content\/uploads\/2017\/11\/22885849_876622682511694_1392081489577629588_n-768x576.jpg 768w\" sizes=\"100vw\" \/><\/a>\n\t\t\t<\/div><\/figure><figure class='gallery-item'>\n\t\t\t<div class='gallery-icon landscape'>\n\t\t\t\t<a href='https:\/\/www.aegv.edu.pt\/bibliotecadagil\/22851878_876622869178342_259299160223651556_n\/'><img width=\"960\" height=\"720\" src=\"https:\/\/www.aegv.edu.pt\/bibliotecadagil\/wp-content\/uploads\/2017\/11\/22851878_876622869178342_259299160223651556_n.jpg\" class=\"attachment-full size-full\" alt=\"\" loading=\"lazy\" srcset=\"https:\/\/www.aegv.edu.pt\/bibliotecadagil\/wp-content\/uploads\/2017\/11\/22851878_876622869178342_259299160223651556_n.jpg 960w, https:\/\/www.aegv.edu.pt\/bibliotecadagil\/wp-content\/uploads\/2017\/11\/22851878_876622869178342_259299160223651556_n-300x225.jpg 300w, https:\/\/www.aegv.edu.pt\/bibliotecadagil\/wp-content\/uploads\/2017\/11\/22851878_876622869178342_259299160223651556_n-768x576.jpg 768w\" sizes=\"100vw\" \/><\/a>\n\t\t\t<\/div><\/figure><figure class='gallery-item'>\n\t\t\t<div class='gallery-icon landscape'>\n\t\t\t\t<a href='https:\/\/www.aegv.edu.pt\/bibliotecadagil\/22894345_876622642511698_7986670730474355277_n\/'><img width=\"960\" height=\"720\" src=\"https:\/\/www.aegv.edu.pt\/bibliotecadagil\/wp-content\/uploads\/2017\/11\/22894345_876622642511698_7986670730474355277_n.jpg\" class=\"attachment-full size-full\" alt=\"\" loading=\"lazy\" srcset=\"https:\/\/www.aegv.edu.pt\/bibliotecadagil\/wp-content\/uploads\/2017\/11\/22894345_876622642511698_7986670730474355277_n.jpg 960w, https:\/\/www.aegv.edu.pt\/bibliotecadagil\/wp-content\/uploads\/2017\/11\/22894345_876622642511698_7986670730474355277_n-300x225.jpg 300w, https:\/\/www.aegv.edu.pt\/bibliotecadagil\/wp-content\/uploads\/2017\/11\/22894345_876622642511698_7986670730474355277_n-768x576.jpg 768w\" sizes=\"100vw\" \/><\/a>\n\t\t\t<\/div><\/figure><figure class='gallery-item'>\n\t\t\t<div class='gallery-icon landscape'>\n\t\t\t\t<a href='https:\/\/www.aegv.edu.pt\/bibliotecadagil\/22815300_876623992511563_1883041250877277592_n\/'><img width=\"960\" height=\"720\" src=\"https:\/\/www.aegv.edu.pt\/bibliotecadagil\/wp-content\/uploads\/2017\/11\/22815300_876623992511563_1883041250877277592_n.jpg\" class=\"attachment-full size-full\" alt=\"\" loading=\"lazy\" srcset=\"https:\/\/www.aegv.edu.pt\/bibliotecadagil\/wp-content\/uploads\/2017\/11\/22815300_876623992511563_1883041250877277592_n.jpg 960w, https:\/\/www.aegv.edu.pt\/bibliotecadagil\/wp-content\/uploads\/2017\/11\/22815300_876623992511563_1883041250877277592_n-300x225.jpg 300w, https:\/\/www.aegv.edu.pt\/bibliotecadagil\/wp-content\/uploads\/2017\/11\/22815300_876623992511563_1883041250877277592_n-768x576.jpg 768w\" sizes=\"100vw\" \/><\/a>\n\t\t\t<\/div><\/figure><figure class='gallery-item'>\n\t\t\t<div class='gallery-icon landscape'>\n\t\t\t\t<a href='https:\/\/www.aegv.edu.pt\/bibliotecadagil\/22814480_876622445845051_596016721597742031_n\/'><img width=\"960\" height=\"720\" src=\"https:\/\/www.aegv.edu.pt\/bibliotecadagil\/wp-content\/uploads\/2017\/11\/22814480_876622445845051_596016721597742031_n.jpg\" class=\"attachment-full size-full\" alt=\"\" loading=\"lazy\" srcset=\"https:\/\/www.aegv.edu.pt\/bibliotecadagil\/wp-content\/uploads\/2017\/11\/22814480_876622445845051_596016721597742031_n.jpg 960w, https:\/\/www.aegv.edu.pt\/bibliotecadagil\/wp-content\/uploads\/2017\/11\/22814480_876622445845051_596016721597742031_n-300x225.jpg 300w, https:\/\/www.aegv.edu.pt\/bibliotecadagil\/wp-content\/uploads\/2017\/11\/22814480_876622445845051_596016721597742031_n-768x576.jpg 768w\" sizes=\"100vw\" \/><\/a>\n\t\t\t<\/div><\/figure><figure class='gallery-item'>\n\t\t\t<div class='gallery-icon landscape'>\n\t\t\t\t<a href='https:\/\/www.aegv.edu.pt\/bibliotecadagil\/22814315_876623319178297_7626168461324487510_n\/'><img width=\"960\" height=\"720\" src=\"https:\/\/www.aegv.edu.pt\/bibliotecadagil\/wp-content\/uploads\/2017\/11\/22814315_876623319178297_7626168461324487510_n.jpg\" class=\"attachment-full size-full\" alt=\"\" loading=\"lazy\" srcset=\"https:\/\/www.aegv.edu.pt\/bibliotecadagil\/wp-content\/uploads\/2017\/11\/22814315_876623319178297_7626168461324487510_n.jpg 960w, https:\/\/www.aegv.edu.pt\/bibliotecadagil\/wp-content\/uploads\/2017\/11\/22814315_876623319178297_7626168461324487510_n-300x225.jpg 300w, https:\/\/www.aegv.edu.pt\/bibliotecadagil\/wp-content\/uploads\/2017\/11\/22814315_876623319178297_7626168461324487510_n-768x576.jpg 768w\" sizes=\"100vw\" \/><\/a>\n\t\t\t<\/div><\/figure><figure class='gallery-item'>\n\t\t\t<div class='gallery-icon landscape'>\n\t\t\t\t<a href='https:\/\/www.aegv.edu.pt\/bibliotecadagil\/22894072_876624305844865_6774982983124734911_n\/'><img width=\"960\" height=\"720\" src=\"https:\/\/www.aegv.edu.pt\/bibliotecadagil\/wp-content\/uploads\/2017\/11\/22894072_876624305844865_6774982983124734911_n.jpg\" class=\"attachment-full size-full\" alt=\"\" loading=\"lazy\" srcset=\"https:\/\/www.aegv.edu.pt\/bibliotecadagil\/wp-content\/uploads\/2017\/11\/22894072_876624305844865_6774982983124734911_n.jpg 960w, https:\/\/www.aegv.edu.pt\/bibliotecadagil\/wp-content\/uploads\/2017\/11\/22894072_876624305844865_6774982983124734911_n-300x225.jpg 300w, https:\/\/www.aegv.edu.pt\/bibliotecadagil\/wp-content\/uploads\/2017\/11\/22894072_876624305844865_6774982983124734911_n-768x576.jpg 768w\" sizes=\"100vw\" \/><\/a>\n\t\t\t<\/div><\/figure><figure class='gallery-item'>\n\t\t\t<div class='gallery-icon landscape'>\n\t\t\t\t<a href='https:\/\/www.aegv.edu.pt\/bibliotecadagil\/22853223_876623245844971_316637678746727494_n\/'><img width=\"960\" height=\"720\" src=\"https:\/\/www.aegv.edu.pt\/bibliotecadagil\/wp-content\/uploads\/2017\/11\/22853223_876623245844971_316637678746727494_n.jpg\" class=\"attachment-full size-full\" alt=\"\" loading=\"lazy\" srcset=\"https:\/\/www.aegv.edu.pt\/bibliotecadagil\/wp-content\/uploads\/2017\/11\/22853223_876623245844971_316637678746727494_n.jpg 960w, https:\/\/www.aegv.edu.pt\/bibliotecadagil\/wp-content\/uploads\/2017\/11\/22853223_876623245844971_316637678746727494_n-300x225.jpg 300w, https:\/\/www.aegv.edu.pt\/bibliotecadagil\/wp-content\/uploads\/2017\/11\/22853223_876623245844971_316637678746727494_n-768x576.jpg 768w\" sizes=\"100vw\" \/><\/a>\n\t\t\t<\/div><\/figure>\n\t\t<\/div>\n\n","protected":false},"excerpt":{"rendered":"<p>DIA ABERTO No dia 23 de outubro de 2017, Dia das Bibliotecas Escolares, a Biblioteca da Escola Gil Vicente recebeu duas turmas do 1\u00ba Ciclo, para uma visita guiada, com o prop\u00f3sito de refor\u00e7ar os la\u00e7os entre as Escolas e as Bibliotecas do Agrupamento: a turma do 4\u00ba Ano da Escola de Santa Clara, da &hellip; <\/p>\n<p class=\"link-more\"><a href=\"https:\/\/www.aegv.edu.pt\/bibliotecadagil\/dia-nacional-das-bibliotecas-escolares\/\" class=\"more-link\">Continuar a ler <span class=\"screen-reader-text\">&#8220;Dia Nacional das Bibliotecas Escolares&#8221;<\/span><\/a><\/p>\n","protected":false},"author":2,"featured_media":0,"parent":0,"menu_order":0,"comment_status":"closed","ping_status":"closed","template":"","meta":[],"_links":{"self":[{"href":"https:\/\/www.aegv.edu.pt\/bibliotecadagil\/wp-json\/wp\/v2\/pages\/220"}],"collection":[{"href":"https:\/\/www.aegv.edu.pt\/bibliotecadagil\/wp-json\/wp\/v2\/pages"}],"about":[{"href":"https:\/\/www.aegv.edu.pt\/bibliotecadagil\/wp-json\/wp\/v2\/types\/page"}],"author":[{"embeddable":true,"href":"https:\/\/www.aegv.edu.pt\/bibliotecadagil\/wp-json\/wp\/v2\/users\/2"}],"replies":[{"embeddable":true,"href":"https:\/\/www.aegv.edu.pt\/bibliotecadagil\/wp-json\/wp\/v2\/comments?post=220"}],"version-history":[{"count":1,"href":"https:\/\/www.aegv.edu.pt\/bibliotecadagil\/wp-json\/wp\/v2\/pages\/220\/revisions"}],"predecessor-version":[{"id":5280,"href":"https:\/\/www.aegv.edu.pt\/bibliotecadagil\/wp-json\/wp\/v2\/pages\/220\/revisions\/5280"}],"wp:attachment":[{"href":"https:\/\/www.aegv.edu.pt\/bibliotecadagil\/wp-json\/wp\/v2\/media?parent=220"}],"curies":[{"name":"wp","href":"https:\/\/api.w.org\/{rel}","templated":true}]}}