{"id":179,"date":"2017-11-23T09:03:31","date_gmt":"2017-11-23T11:03:31","guid":{"rendered":"https:\/\/bibliotecadagil.wordpress.com\/?page_id=179"},"modified":"2018-03-19T10:11:00","modified_gmt":"2018-03-19T10:11:00","slug":"sobre","status":"publish","type":"page","link":"https:\/\/www.aegv.edu.pt\/bibliotecadagil\/sobre\/","title":{"rendered":"Sobre"},"content":{"rendered":"<p style=\"text-align: justify;\">Neste espa\u00e7o, ser\u00e1 apresentada a hist\u00f3ria da Biblioteca da Escola Gil Vicente.<\/p>\n<p style=\"text-align: justify;\">Pode ler <a href=\"http:\/\/www.aegv.edu.pt\/bibliotecadagil\/wp-content\/uploads\/2018\/03\/BE_AEGilVicente_TextoHistorial.pdf\" target=\"_blank\" rel=\"noopener\">aqui<\/a>\u00a0um texto informativo sobre as Bibliotecas do Agrupamento de Escolas Gil Vicente (2005-14), onde se encontra o endere\u00e7o do Blogue da Biblioteca referente \u00e0quele per\u00edodo.<\/p>\n<p><strong>Biblioteca do antigo Liceu Nacional de Gil Vicente. <\/strong><\/p>\n<p><strong>Hoje, Biblioteca Jos\u00e9 Saramago.\u00a0<\/strong><\/p>\n<p><strong><br \/>\n<img loading=\"lazy\" class=\" size-large wp-image-858 aligncenter\" src=\"http:\/\/www.aegv.edu.pt\/bibliotecadagil\/wp-content\/uploads\/2017\/12\/img_0158.jpg?w=1024\" alt=\"IMG_0158\" width=\"1024\" height=\"768\" srcset=\"https:\/\/www.aegv.edu.pt\/bibliotecadagil\/wp-content\/uploads\/2017\/12\/img_0158.jpg 2016w, https:\/\/www.aegv.edu.pt\/bibliotecadagil\/wp-content\/uploads\/2017\/12\/img_0158-300x225.jpg 300w, https:\/\/www.aegv.edu.pt\/bibliotecadagil\/wp-content\/uploads\/2017\/12\/img_0158-768x576.jpg 768w, https:\/\/www.aegv.edu.pt\/bibliotecadagil\/wp-content\/uploads\/2017\/12\/img_0158-1024x768.jpg 1024w\" sizes=\"(max-width: 767px) 89vw, (max-width: 1000px) 54vw, (max-width: 1071px) 543px, 580px\" \/><\/strong><\/p>\n<p><img loading=\"lazy\" class=\"alignnone size-full wp-image-860\" src=\"http:\/\/www.aegv.edu.pt\/bibliotecadagil\/wp-content\/uploads\/2017\/12\/img_0162.jpg\" alt=\"IMG_0162\" width=\"2016\" height=\"1512\" srcset=\"https:\/\/www.aegv.edu.pt\/bibliotecadagil\/wp-content\/uploads\/2017\/12\/img_0162.jpg 2016w, https:\/\/www.aegv.edu.pt\/bibliotecadagil\/wp-content\/uploads\/2017\/12\/img_0162-300x225.jpg 300w, https:\/\/www.aegv.edu.pt\/bibliotecadagil\/wp-content\/uploads\/2017\/12\/img_0162-768x576.jpg 768w, https:\/\/www.aegv.edu.pt\/bibliotecadagil\/wp-content\/uploads\/2017\/12\/img_0162-1024x768.jpg 1024w\" sizes=\"(max-width: 767px) 89vw, (max-width: 1000px) 54vw, (max-width: 1071px) 543px, 580px\" \/><img loading=\"lazy\" class=\"alignnone size-full wp-image-859\" src=\"http:\/\/www.aegv.edu.pt\/bibliotecadagil\/wp-content\/uploads\/2017\/12\/img_0161.jpg\" alt=\"IMG_0161\" width=\"2016\" height=\"1512\" srcset=\"https:\/\/www.aegv.edu.pt\/bibliotecadagil\/wp-content\/uploads\/2017\/12\/img_0161.jpg 2016w, https:\/\/www.aegv.edu.pt\/bibliotecadagil\/wp-content\/uploads\/2017\/12\/img_0161-300x225.jpg 300w, https:\/\/www.aegv.edu.pt\/bibliotecadagil\/wp-content\/uploads\/2017\/12\/img_0161-768x576.jpg 768w, https:\/\/www.aegv.edu.pt\/bibliotecadagil\/wp-content\/uploads\/2017\/12\/img_0161-1024x768.jpg 1024w\" sizes=\"(max-width: 767px) 89vw, (max-width: 1000px) 54vw, (max-width: 1071px) 543px, 580px\" \/><\/p>\n<p><img loading=\"lazy\" class=\"alignnone size-full wp-image-861\" src=\"http:\/\/www.aegv.edu.pt\/bibliotecadagil\/wp-content\/uploads\/2017\/12\/12088328_518467568327209_1834820993298616244_n.jpg\" alt=\"12088328_518467568327209_1834820993298616244_n\" width=\"960\" height=\"720\" srcset=\"https:\/\/www.aegv.edu.pt\/bibliotecadagil\/wp-content\/uploads\/2017\/12\/12088328_518467568327209_1834820993298616244_n.jpg 960w, https:\/\/www.aegv.edu.pt\/bibliotecadagil\/wp-content\/uploads\/2017\/12\/12088328_518467568327209_1834820993298616244_n-300x225.jpg 300w, https:\/\/www.aegv.edu.pt\/bibliotecadagil\/wp-content\/uploads\/2017\/12\/12088328_518467568327209_1834820993298616244_n-768x576.jpg 768w\" sizes=\"(max-width: 767px) 89vw, (max-width: 1000px) 54vw, (max-width: 1071px) 543px, 580px\" \/><\/p>\n<p><img loading=\"lazy\" class=\"alignnone size-full wp-image-862\" src=\"http:\/\/www.aegv.edu.pt\/bibliotecadagil\/wp-content\/uploads\/2017\/12\/12079462_518467474993885_1319808833041423863_n.jpg\" alt=\"12079462_518467474993885_1319808833041423863_n\" width=\"960\" height=\"720\" srcset=\"https:\/\/www.aegv.edu.pt\/bibliotecadagil\/wp-content\/uploads\/2017\/12\/12079462_518467474993885_1319808833041423863_n.jpg 960w, https:\/\/www.aegv.edu.pt\/bibliotecadagil\/wp-content\/uploads\/2017\/12\/12079462_518467474993885_1319808833041423863_n-300x225.jpg 300w, https:\/\/www.aegv.edu.pt\/bibliotecadagil\/wp-content\/uploads\/2017\/12\/12079462_518467474993885_1319808833041423863_n-768x576.jpg 768w\" sizes=\"(max-width: 767px) 89vw, (max-width: 1000px) 54vw, (max-width: 1071px) 543px, 580px\" \/><\/p>\n<p><img loading=\"lazy\" class=\"alignnone size-full wp-image-863\" src=\"http:\/\/www.aegv.edu.pt\/bibliotecadagil\/wp-content\/uploads\/2017\/12\/12074925_518467514993881_8041294188360922242_n.jpg\" alt=\"12074925_518467514993881_8041294188360922242_n\" width=\"960\" height=\"720\" srcset=\"https:\/\/www.aegv.edu.pt\/bibliotecadagil\/wp-content\/uploads\/2017\/12\/12074925_518467514993881_8041294188360922242_n.jpg 960w, https:\/\/www.aegv.edu.pt\/bibliotecadagil\/wp-content\/uploads\/2017\/12\/12074925_518467514993881_8041294188360922242_n-300x225.jpg 300w, https:\/\/www.aegv.edu.pt\/bibliotecadagil\/wp-content\/uploads\/2017\/12\/12074925_518467514993881_8041294188360922242_n-768x576.jpg 768w\" sizes=\"(max-width: 767px) 89vw, (max-width: 1000px) 54vw, (max-width: 1071px) 543px, 580px\" \/><\/p>\n<p><img loading=\"lazy\" class=\"alignnone size-full wp-image-864\" src=\"http:\/\/www.aegv.edu.pt\/bibliotecadagil\/wp-content\/uploads\/2017\/12\/10983149_518467448327221_629665873967199288_n.jpg\" alt=\"10983149_518467448327221_629665873967199288_n\" width=\"960\" height=\"720\" srcset=\"https:\/\/www.aegv.edu.pt\/bibliotecadagil\/wp-content\/uploads\/2017\/12\/10983149_518467448327221_629665873967199288_n.jpg 960w, https:\/\/www.aegv.edu.pt\/bibliotecadagil\/wp-content\/uploads\/2017\/12\/10983149_518467448327221_629665873967199288_n-300x225.jpg 300w, https:\/\/www.aegv.edu.pt\/bibliotecadagil\/wp-content\/uploads\/2017\/12\/10983149_518467448327221_629665873967199288_n-768x576.jpg 768w\" sizes=\"(max-width: 767px) 89vw, (max-width: 1000px) 54vw, (max-width: 1071px) 543px, 580px\" \/><\/p>\n<p><img loading=\"lazy\" class=\"alignnone size-full wp-image-865\" src=\"http:\/\/www.aegv.edu.pt\/bibliotecadagil\/wp-content\/uploads\/2017\/12\/12072649_518467621660537_4928256321003170136_n.jpg\" alt=\"12072649_518467621660537_4928256321003170136_n\" width=\"720\" height=\"960\" srcset=\"https:\/\/www.aegv.edu.pt\/bibliotecadagil\/wp-content\/uploads\/2017\/12\/12072649_518467621660537_4928256321003170136_n.jpg 720w, https:\/\/www.aegv.edu.pt\/bibliotecadagil\/wp-content\/uploads\/2017\/12\/12072649_518467621660537_4928256321003170136_n-225x300.jpg 225w\" sizes=\"(max-width: 720px) 100vw, 720px\" \/><\/p>\n<p><strong>Biblioteca da atual Escola Gil Vicente (Interven\u00e7\u00e3o da Parque Escolar)<\/strong><\/p>\n<p><img loading=\"lazy\" class=\"alignnone size-full wp-image-857\" src=\"http:\/\/www.aegv.edu.pt\/bibliotecadagil\/wp-content\/uploads\/2017\/12\/img_0147.jpg\" alt=\"IMG_0147\" width=\"2016\" height=\"1512\" srcset=\"https:\/\/www.aegv.edu.pt\/bibliotecadagil\/wp-content\/uploads\/2017\/12\/img_0147.jpg 2016w, https:\/\/www.aegv.edu.pt\/bibliotecadagil\/wp-content\/uploads\/2017\/12\/img_0147-300x225.jpg 300w, https:\/\/www.aegv.edu.pt\/bibliotecadagil\/wp-content\/uploads\/2017\/12\/img_0147-768x576.jpg 768w, https:\/\/www.aegv.edu.pt\/bibliotecadagil\/wp-content\/uploads\/2017\/12\/img_0147-1024x768.jpg 1024w\" sizes=\"(max-width: 767px) 89vw, (max-width: 1000px) 54vw, (max-width: 1071px) 543px, 580px\" \/><\/p>\n<p><img loading=\"lazy\" class=\"alignnone size-full wp-image-853\" src=\"http:\/\/www.aegv.edu.pt\/bibliotecadagil\/wp-content\/uploads\/2017\/12\/img_0140.jpg\" alt=\"IMG_0140\" width=\"2016\" height=\"1512\" srcset=\"https:\/\/www.aegv.edu.pt\/bibliotecadagil\/wp-content\/uploads\/2017\/12\/img_0140.jpg 2016w, https:\/\/www.aegv.edu.pt\/bibliotecadagil\/wp-content\/uploads\/2017\/12\/img_0140-300x225.jpg 300w, https:\/\/www.aegv.edu.pt\/bibliotecadagil\/wp-content\/uploads\/2017\/12\/img_0140-768x576.jpg 768w, https:\/\/www.aegv.edu.pt\/bibliotecadagil\/wp-content\/uploads\/2017\/12\/img_0140-1024x768.jpg 1024w\" sizes=\"(max-width: 767px) 89vw, (max-width: 1000px) 54vw, (max-width: 1071px) 543px, 580px\" \/><img loading=\"lazy\" class=\"alignnone size-full wp-image-852\" src=\"http:\/\/www.aegv.edu.pt\/bibliotecadagil\/wp-content\/uploads\/2017\/12\/img_0139.jpg\" alt=\"IMG_0139\" width=\"2016\" height=\"1512\" srcset=\"https:\/\/www.aegv.edu.pt\/bibliotecadagil\/wp-content\/uploads\/2017\/12\/img_0139.jpg 2016w, https:\/\/www.aegv.edu.pt\/bibliotecadagil\/wp-content\/uploads\/2017\/12\/img_0139-300x225.jpg 300w, https:\/\/www.aegv.edu.pt\/bibliotecadagil\/wp-content\/uploads\/2017\/12\/img_0139-768x576.jpg 768w, https:\/\/www.aegv.edu.pt\/bibliotecadagil\/wp-content\/uploads\/2017\/12\/img_0139-1024x768.jpg 1024w\" sizes=\"(max-width: 767px) 89vw, (max-width: 1000px) 54vw, (max-width: 1071px) 543px, 580px\" \/><img loading=\"lazy\" class=\"alignnone size-full wp-image-855\" src=\"http:\/\/www.aegv.edu.pt\/bibliotecadagil\/wp-content\/uploads\/2017\/12\/img_0145.jpg\" alt=\"IMG_0145\" width=\"2016\" height=\"1512\" srcset=\"https:\/\/www.aegv.edu.pt\/bibliotecadagil\/wp-content\/uploads\/2017\/12\/img_0145.jpg 2016w, https:\/\/www.aegv.edu.pt\/bibliotecadagil\/wp-content\/uploads\/2017\/12\/img_0145-300x225.jpg 300w, https:\/\/www.aegv.edu.pt\/bibliotecadagil\/wp-content\/uploads\/2017\/12\/img_0145-768x576.jpg 768w, https:\/\/www.aegv.edu.pt\/bibliotecadagil\/wp-content\/uploads\/2017\/12\/img_0145-1024x768.jpg 1024w\" sizes=\"(max-width: 767px) 89vw, (max-width: 1000px) 54vw, (max-width: 1071px) 543px, 580px\" \/><img loading=\"lazy\" class=\"alignnone size-full wp-image-856\" src=\"http:\/\/www.aegv.edu.pt\/bibliotecadagil\/wp-content\/uploads\/2017\/12\/img_0146.jpg\" alt=\"IMG_0146\" width=\"2016\" height=\"1512\" srcset=\"https:\/\/www.aegv.edu.pt\/bibliotecadagil\/wp-content\/uploads\/2017\/12\/img_0146.jpg 2016w, https:\/\/www.aegv.edu.pt\/bibliotecadagil\/wp-content\/uploads\/2017\/12\/img_0146-300x225.jpg 300w, https:\/\/www.aegv.edu.pt\/bibliotecadagil\/wp-content\/uploads\/2017\/12\/img_0146-768x576.jpg 768w, https:\/\/www.aegv.edu.pt\/bibliotecadagil\/wp-content\/uploads\/2017\/12\/img_0146-1024x768.jpg 1024w\" sizes=\"(max-width: 767px) 89vw, (max-width: 1000px) 54vw, (max-width: 1071px) 543px, 580px\" \/><\/p>\n","protected":false},"excerpt":{"rendered":"<p>Neste espa\u00e7o, ser\u00e1 apresentada a hist\u00f3ria da Biblioteca da Escola Gil Vicente. Pode ler aqui\u00a0um texto informativo sobre as Bibliotecas do Agrupamento de Escolas Gil Vicente (2005-14), onde se encontra o endere\u00e7o do Blogue da Biblioteca referente \u00e0quele per\u00edodo. Biblioteca do antigo Liceu Nacional de Gil Vicente. Hoje, Biblioteca Jos\u00e9 Saramago.\u00a0 Biblioteca da atual Escola &hellip; <\/p>\n<p class=\"link-more\"><a href=\"https:\/\/www.aegv.edu.pt\/bibliotecadagil\/sobre\/\" class=\"more-link\">Continuar a ler <span class=\"screen-reader-text\">&#8220;Sobre&#8221;<\/span><\/a><\/p>\n","protected":false},"author":2,"featured_media":0,"parent":0,"menu_order":0,"comment_status":"closed","ping_status":"closed","template":"","meta":[],"_links":{"self":[{"href":"https:\/\/www.aegv.edu.pt\/bibliotecadagil\/wp-json\/wp\/v2\/pages\/179"}],"collection":[{"href":"https:\/\/www.aegv.edu.pt\/bibliotecadagil\/wp-json\/wp\/v2\/pages"}],"about":[{"href":"https:\/\/www.aegv.edu.pt\/bibliotecadagil\/wp-json\/wp\/v2\/types\/page"}],"author":[{"embeddable":true,"href":"https:\/\/www.aegv.edu.pt\/bibliotecadagil\/wp-json\/wp\/v2\/users\/2"}],"replies":[{"embeddable":true,"href":"https:\/\/www.aegv.edu.pt\/bibliotecadagil\/wp-json\/wp\/v2\/comments?post=179"}],"version-history":[{"count":4,"href":"https:\/\/www.aegv.edu.pt\/bibliotecadagil\/wp-json\/wp\/v2\/pages\/179\/revisions"}],"predecessor-version":[{"id":2481,"href":"https:\/\/www.aegv.edu.pt\/bibliotecadagil\/wp-json\/wp\/v2\/pages\/179\/revisions\/2481"}],"wp:attachment":[{"href":"https:\/\/www.aegv.edu.pt\/bibliotecadagil\/wp-json\/wp\/v2\/media?parent=179"}],"curies":[{"name":"wp","href":"https:\/\/api.w.org\/{rel}","templated":true}]}}