{"id":145,"date":"2017-11-21T10:20:16","date_gmt":"2017-11-21T12:20:16","guid":{"rendered":"https:\/\/bibliotecadagil.wordpress.com\/?page_id=145"},"modified":"2020-01-23T10:06:10","modified_gmt":"2020-01-23T10:06:10","slug":"a-conversa-com","status":"publish","type":"page","link":"https:\/\/www.aegv.edu.pt\/bibliotecadagil\/a-conversa-com\/","title":{"rendered":"\u00c0 Conversa Com&#8230;"},"content":{"rendered":"<p style=\"text-align: justify;\"><strong><em>\u00c0 Conversa com\u2026<\/em><\/strong>: consiste num ciclo anual de confer\u00eancias dinamizado pela Biblioteca da Escola Gil Vicente. Este ciclo pode assumir diversos formatos,\u00a0<em>e.g.,\u00a0<\/em>confer\u00eancia para um p\u00fablico alargado, palestra para um p\u00fablico mais restrito, debate sobre um t\u00f3pico, mesa-redonda, encontro com autores e apresenta\u00e7\u00f5es por especialistas numa \u00e1rea de conhecimento ou por agentes ligados \u00e0s bibliotecas, livrarias ou editoras.<\/p>\n\n\n<p><a href=\"http:\/\/www.aegv.edu.pt\/bibliotecadagil\/cartazes\/\">PALESTRAS | COL\u00d3QUIOS | WORKSHOPS | MASTER CLASSES<\/a><\/p>\n\n\n\n<p><a href=\"http:\/\/www.aegv.edu.pt\/bibliotecadagil\/fotografias\/\">FOTOGRAFIAS<\/a><\/p>\n","protected":false},"excerpt":{"rendered":"<p>\u00c0 Conversa com\u2026: consiste num ciclo anual de confer\u00eancias dinamizado pela Biblioteca da Escola Gil Vicente. Este ciclo pode assumir diversos formatos,\u00a0e.g.,\u00a0confer\u00eancia para um p\u00fablico alargado, palestra para um p\u00fablico mais restrito, debate sobre um t\u00f3pico, mesa-redonda, encontro com autores e apresenta\u00e7\u00f5es por especialistas numa \u00e1rea de conhecimento ou por agentes ligados \u00e0s bibliotecas, livrarias &hellip; <\/p>\n<p class=\"link-more\"><a href=\"https:\/\/www.aegv.edu.pt\/bibliotecadagil\/a-conversa-com\/\" class=\"more-link\">Continuar a ler <span class=\"screen-reader-text\">&#8220;\u00c0 Conversa Com&#8230;&#8221;<\/span><\/a><\/p>\n","protected":false},"author":2,"featured_media":0,"parent":0,"menu_order":0,"comment_status":"closed","ping_status":"closed","template":"","meta":[],"_links":{"self":[{"href":"https:\/\/www.aegv.edu.pt\/bibliotecadagil\/wp-json\/wp\/v2\/pages\/145"}],"collection":[{"href":"https:\/\/www.aegv.edu.pt\/bibliotecadagil\/wp-json\/wp\/v2\/pages"}],"about":[{"href":"https:\/\/www.aegv.edu.pt\/bibliotecadagil\/wp-json\/wp\/v2\/types\/page"}],"author":[{"embeddable":true,"href":"https:\/\/www.aegv.edu.pt\/bibliotecadagil\/wp-json\/wp\/v2\/users\/2"}],"replies":[{"embeddable":true,"href":"https:\/\/www.aegv.edu.pt\/bibliotecadagil\/wp-json\/wp\/v2\/comments?post=145"}],"version-history":[{"count":2,"href":"https:\/\/www.aegv.edu.pt\/bibliotecadagil\/wp-json\/wp\/v2\/pages\/145\/revisions"}],"predecessor-version":[{"id":9071,"href":"https:\/\/www.aegv.edu.pt\/bibliotecadagil\/wp-json\/wp\/v2\/pages\/145\/revisions\/9071"}],"wp:attachment":[{"href":"https:\/\/www.aegv.edu.pt\/bibliotecadagil\/wp-json\/wp\/v2\/media?parent=145"}],"curies":[{"name":"wp","href":"https:\/\/api.w.org\/{rel}","templated":true}]}}